{"id":12613,"date":"2025-05-26T20:20:23","date_gmt":"2025-05-26T20:20:23","guid":{"rendered":"https:\/\/bofillmir.cl\/?page_id=12613"},"modified":"2026-04-06T13:52:25","modified_gmt":"2026-04-06T13:52:25","slug":"medio-ambiente","status":"publish","type":"page","link":"https:\/\/bofillmir.cl\/eng\/nuestras-practicas\/medio-ambiente\/","title":{"rendered":"Environment"},"content":{"rendered":"<div data-elementor-type=\"wp-page\" data-elementor-id=\"12613\" class=\"elementor elementor-12613\" data-elementor-post-type=\"page\">\n\t\t\t\t\t\t<section class=\"elementor-section elementor-top-section elementor-element elementor-element-3a687f3 elementor-section-boxed elementor-section-height-default elementor-section-height-default\" data-id=\"3a687f3\" data-element_type=\"section\" data-e-type=\"section\" data-settings=\"{&quot;background_background&quot;:&quot;classic&quot;}\">\n\t\t\t\t\t\t<div class=\"elementor-container elementor-column-gap-default\">\n\t\t\t\t\t<div class=\"elementor-column elementor-col-100 elementor-top-column elementor-element elementor-element-e5fe076\" data-id=\"e5fe076\" data-element_type=\"column\" data-e-type=\"column\">\n\t\t\t<div class=\"elementor-widget-wrap elementor-element-populated\">\n\t\t\t\t\t\t<div class=\"elementor-element elementor-element-9d9b808 elementor-widget elementor-widget-heading\" data-id=\"9d9b808\" data-element_type=\"widget\" data-e-type=\"widget\" data-widget_type=\"heading.default\">\n\t\t\t\t<div class=\"elementor-widget-container\">\n\t\t\t\t\t<h2 class=\"elementor-heading-title elementor-size-default\">Environment<\/h2>\t\t\t\t<\/div>\n\t\t\t\t<\/div>\n\t\t\t\t\t<\/div>\n\t\t<\/div>\n\t\t\t\t\t<\/div>\n\t\t<\/section>\n\t\t\t\t<section class=\"elementor-section elementor-top-section elementor-element elementor-element-5e5c6fe elementor-section-boxed elementor-section-height-default elementor-section-height-default\" data-id=\"5e5c6fe\" data-element_type=\"section\" data-e-type=\"section\" data-settings=\"{&quot;background_background&quot;:&quot;classic&quot;}\">\n\t\t\t\t\t\t<div class=\"elementor-container elementor-column-gap-default\">\n\t\t\t\t\t<div class=\"elementor-column elementor-col-100 elementor-top-column elementor-element elementor-element-eb52110\" data-id=\"eb52110\" data-element_type=\"column\" data-e-type=\"column\">\n\t\t\t<div class=\"elementor-widget-wrap elementor-element-populated\">\n\t\t\t\t\t\t<div class=\"elementor-element elementor-element-bbedc21 elementor-widget elementor-widget-text-editor\" data-id=\"bbedc21\" data-element_type=\"widget\" data-e-type=\"widget\" data-widget_type=\"text-editor.default\">\n\t\t\t\t<div class=\"elementor-widget-container\">\n\t\t\t\t\t\t\t\t\t<p>\u00a0Our environmental practice is based on our experience providing comprehensive advice on large projects, such as mining, infrastructure and energy, among others. In addition, we have accumulated an outstanding track record in advising our clients on a wide range of issues related to environmental compliance and enforcement.<\/p>\t\t\t\t\t\t\t\t<\/div>\n\t\t\t\t<\/div>\n\t\t\t\t\t<\/div>\n\t\t<\/div>\n\t\t\t\t\t<\/div>\n\t\t<\/section>\n\t\t<div class=\"elementor-element elementor-element-3c829f8 e-flex e-con-boxed e-con e-parent\" data-id=\"3c829f8\" data-element_type=\"container\" data-e-type=\"container\">\n\t\t\t\t\t<div class=\"e-con-inner\">\n\t\t\t\t<div class=\"elementor-element elementor-element-9d74e9a elementor-widget__width-initial elementor-widget-mobile__width-initial elementor-widget elementor-widget-text-editor\" data-id=\"9d74e9a\" data-element_type=\"widget\" data-e-type=\"widget\" data-widget_type=\"text-editor.default\">\n\t\t\t\t<div class=\"elementor-widget-container\">\n\t\t\t\t\t\t\t\t\t<p><em>Brindamos asesor\u00eda legal integral y estrat\u00e9gica a lo largo de todo el ciclo de vida de proyectos sujetos a la normativa ambiental especialmente en sectores como infraestructura, energ\u00eda y miner\u00eda, desde las etapas iniciales de permisos y evaluaci\u00f3n ambiental, hasta el cumplimiento normativo, fiscalizaci\u00f3n y cierre del proyecto.<\/em><\/p><p><em>Our team assists clients with a broad spectrum of environmental matters, including Environmental Impact Assessments, water rights and sectorial permits, air emissions and waste management regulations, environmental liability, and stakeholder engagement strategies.<\/em><\/p><p><em>We also have extensive experience representing clients in environmental litigation, both administrative and judicial. Our advice is always tailored to the technical and regulatory complexities of each project, delivering legal solutions that add value at both the corporate and operational levels.<\/em><\/p><p><em>A distinctive strength of our practice is its close connection with public and administrative law. Since Chilean environmental law operates within an administrative legal framework, our in-depth understanding of public regulatory procedures is essential for designing effective strategies and ensuring regulatory compliance. We regularly support clients in proceedings before key environmental authorities, including the Environmental Assessment Service (SEA), the Superintendence of the Environment (SMA), and the Environmental Courts, as well as other competent regulatory bodies. Where applicable, we also assist in matters involving sectoral agencies such as the Water Authority (DGA), the National Geology and Mining Service (Sernageomin), the National Monuments Council (CMN), among others.<\/em><\/p><p><em>Our services range from guiding clients through environmental audits and sanctioning procedures to preparing administrative defenses and appeals.<\/em><\/p><p><em>Likewise, we adopt a proactive approach aimed at anticipating legal and regulatory risks, particularly in light of evolving standards in areas such as climate change, biodiversity protection, and circular economy frameworks. Whether collaborating in the development of new projects or defending our clients\u2019 interests during regulatory proceedings, our goal is always to achieve sustainable and legally sound outcomes that ensure the viability of projects within an increasingly demanding environmental context.<\/em><\/p>\t\t\t\t\t\t\t\t<\/div>\n\t\t\t\t<\/div>\n\t\t<div class=\"elementor-element elementor-element-4ee13ce e-flex e-con-boxed e-con e-child\" data-id=\"4ee13ce\" data-element_type=\"container\" data-e-type=\"container\" data-settings=\"{&quot;background_background&quot;:&quot;classic&quot;}\">\n\t\t\t\t\t<div class=\"e-con-inner\">\n\t\t\t\t\t<\/div>\n\t\t\t\t<\/div>\n\t\t\t\t\t<\/div>\n\t\t\t\t<\/div>\n\t\t\t\t<section class=\"elementor-section elementor-top-section elementor-element elementor-element-e527e38 elementor-section-boxed elementor-section-height-default elementor-section-height-default\" data-id=\"e527e38\" data-element_type=\"section\" data-e-type=\"section\">\n\t\t\t\t\t\t<div class=\"elementor-container elementor-column-gap-default\">\n\t\t\t\t\t<div class=\"elementor-column elementor-col-100 elementor-top-column elementor-element elementor-element-071aa9e\" data-id=\"071aa9e\" data-element_type=\"column\" data-e-type=\"column\">\n\t\t\t<div class=\"elementor-widget-wrap elementor-element-populated\">\n\t\t\t\t\t\t<div class=\"elementor-element elementor-element-9bbb94f elementor-grid-1 elementor-grid-mobile-2 elementor-posts--thumbnail-top elementor-grid-tablet-2 elementor-widget elementor-widget-posts\" data-id=\"9bbb94f\" data-element_type=\"widget\" data-e-type=\"widget\" data-settings=\"{&quot;custom_columns&quot;:&quot;1&quot;,&quot;custom_row_gap_mobile&quot;:{&quot;unit&quot;:&quot;px&quot;,&quot;size&quot;:10,&quot;sizes&quot;:[]},&quot;custom_columns_mobile&quot;:&quot;2&quot;,&quot;custom_row_gap&quot;:{&quot;unit&quot;:&quot;px&quot;,&quot;size&quot;:0,&quot;sizes&quot;:[]},&quot;custom_columns_tablet&quot;:&quot;2&quot;,&quot;custom_row_gap_tablet&quot;:{&quot;unit&quot;:&quot;px&quot;,&quot;size&quot;:&quot;&quot;,&quot;sizes&quot;:[]}}\" data-widget_type=\"posts.custom\">\n\t\t\t\t<div class=\"elementor-widget-container\">\n\t\t\t\t\t      <div class=\"ecs-posts elementor-posts-container elementor-posts   elementor-grid elementor-posts--skin-custom\" data-settings=\"{&quot;current_page&quot;:1,&quot;max_num_pages&quot;:1,&quot;load_method&quot;:&quot;&quot;,&quot;widget_id&quot;:&quot;9bbb94f&quot;,&quot;post_id&quot;:12613,&quot;theme_id&quot;:12613,&quot;change_url&quot;:false,&quot;reinit_js&quot;:false}\">\n      \t\t<article id=\"post-7527\" class=\"elementor-post elementor-grid-item ecs-post-loop post-7527 equipo type-equipo status-publish has-post-thumbnail hentry tag-d area-medio-ambiente categoria-equipo-directores departamento-equipo-legal\">\n\t\t\t\t<div data-elementor-type=\"loop\" data-elementor-id=\"1905\" class=\"elementor elementor-1905 post-7527 equipo type-equipo status-publish has-post-thumbnail hentry tag-d area-medio-ambiente categoria-equipo-directores departamento-equipo-legal\" data-elementor-post-type=\"elementor_library\">\n\t\t\t<div class=\"elementor-element elementor-element-3314793 e-flex e-con-boxed e-con e-parent\" data-id=\"3314793\" data-element_type=\"container\" data-e-type=\"container\">\n\t\t\t\t\t<div class=\"e-con-inner\">\n\t\t<div class=\"elementor-element elementor-element-70f53f0 e-con-full e-flex e-con e-child\" data-id=\"70f53f0\" data-element_type=\"container\" data-e-type=\"container\">\n\t\t\t\t<div class=\"elementor-element elementor-element-6014ec3 elementor-widget elementor-widget-image\" data-id=\"6014ec3\" data-element_type=\"widget\" data-e-type=\"widget\" data-widget_type=\"image.default\">\n\t\t\t\t<div class=\"elementor-widget-container\">\n\t\t\t\t\t\t\t\t\t\t\t\t\t\t\t\t<a href=\"https:\/\/bofillmir.cl\/eng\/equipo\/maria-pilar-dominguez\/\">\n\t\t\t\t\t\t\t<img fetchpriority=\"high\" decoding=\"async\" width=\"800\" height=\"800\" src=\"https:\/\/bofillmir.cl\/wp-content\/uploads\/2025\/05\/Maria-Pilar-Dominguez.png\" class=\"attachment-large size-large wp-image-12657\" alt=\"\" srcset=\"https:\/\/bofillmir.cl\/wp-content\/uploads\/2025\/05\/Maria-Pilar-Dominguez.png 883w, https:\/\/bofillmir.cl\/wp-content\/uploads\/2025\/05\/Maria-Pilar-Dominguez-300x300.png 300w, https:\/\/bofillmir.cl\/wp-content\/uploads\/2025\/05\/Maria-Pilar-Dominguez-150x150.png 150w, https:\/\/bofillmir.cl\/wp-content\/uploads\/2025\/05\/Maria-Pilar-Dominguez-768x768.png 768w, https:\/\/bofillmir.cl\/wp-content\/uploads\/2025\/05\/Maria-Pilar-Dominguez-12x12.png 12w\" sizes=\"(max-width: 800px) 100vw, 800px\" \/>\t\t\t\t\t\t\t\t<\/a>\n\t\t\t\t\t\t\t\t\t\t\t\t\t\t\t<\/div>\n\t\t\t\t<\/div>\n\t\t\t\t<\/div>\n\t\t<div class=\"elementor-element elementor-element-6d8b972 e-con-full e-flex e-con e-child\" data-id=\"6d8b972\" data-element_type=\"container\" data-e-type=\"container\" data-settings=\"{&quot;background_background&quot;:&quot;classic&quot;}\">\n\t\t\t\t<div class=\"elementor-element elementor-element-e94e023 elementor-widget elementor-widget-heading\" data-id=\"e94e023\" data-element_type=\"widget\" data-e-type=\"widget\" data-widget_type=\"heading.default\">\n\t\t\t\t<div class=\"elementor-widget-container\">\n\t\t\t\t\t<p class=\"elementor-heading-title elementor-size-default\"><a href=\"https:\/\/bofillmir.cl\/eng\/equipo\/maria-pilar-dominguez\/\">Mar\u00eda Pilar Dom\u00ednguez L.<\/a><\/p>\t\t\t\t<\/div>\n\t\t\t\t<\/div>\n\t\t\t\t<div class=\"elementor-element elementor-element-cd789e8 elementor-widget elementor-widget-heading\" data-id=\"cd789e8\" data-element_type=\"widget\" data-e-type=\"widget\" data-widget_type=\"heading.default\">\n\t\t\t\t<div class=\"elementor-widget-container\">\n\t\t\t\t\t<p class=\"elementor-heading-title elementor-size-default\">Director<\/p>\t\t\t\t<\/div>\n\t\t\t\t<\/div>\n\t\t\t\t<div class=\"elementor-element elementor-element-06c4a05 elementor-widget-divider--view-line elementor-widget elementor-widget-divider\" data-id=\"06c4a05\" data-element_type=\"widget\" data-e-type=\"widget\" data-widget_type=\"divider.default\">\n\t\t\t\t<div class=\"elementor-widget-container\">\n\t\t\t\t\t\t\t<div class=\"elementor-divider\">\n\t\t\t<span class=\"elementor-divider-separator\">\n\t\t\t\t\t\t<\/span>\n\t\t<\/div>\n\t\t\t\t\t\t<\/div>\n\t\t\t\t<\/div>\n\t\t<div class=\"elementor-element elementor-element-e0e7225 e-flex e-con-boxed e-con e-child\" data-id=\"e0e7225\" data-element_type=\"container\" data-e-type=\"container\">\n\t\t\t\t\t<div class=\"e-con-inner\">\n\t\t<div class=\"elementor-element elementor-element-b09256a e-con-full e-flex e-con e-child\" data-id=\"b09256a\" data-element_type=\"container\" data-e-type=\"container\">\n\t\t\t\t<div class=\"elementor-element elementor-element-d4ed7f7 elementor-icon-list--layout-traditional elementor-list-item-link-full_width elementor-widget elementor-widget-icon-list\" data-id=\"d4ed7f7\" data-element_type=\"widget\" data-e-type=\"widget\" data-widget_type=\"icon-list.default\">\n\t\t\t\t<div class=\"elementor-widget-container\">\n\t\t\t\t\t\t\t<ul class=\"elementor-icon-list-items\">\n\t\t\t\t\t\t\t<li class=\"elementor-icon-list-item\">\n\t\t\t\t\t\t\t\t\t\t\t<a href=\"mailto:mpdominguez@bofillmir.cl\" target=\"_blank\">\n\n\t\t\t\t\t\t\t\t\t\t\t\t<span class=\"elementor-icon-list-icon\">\n\t\t\t\t\t\t\t<i aria-hidden=\"true\" class=\"far fa-envelope\"><\/i>\t\t\t\t\t\t<\/span>\n\t\t\t\t\t\t\t\t\t\t<span class=\"elementor-icon-list-text\">mpdominguez@bofillmir.cl<\/span>\n\t\t\t\t\t\t\t\t\t\t\t<\/a>\n\t\t\t\t\t\t\t\t\t<\/li>\n\t\t\t\t\t\t<\/ul>\n\t\t\t\t\t\t<\/div>\n\t\t\t\t<\/div>\n\t\t\t\t<\/div>\n\t\t<div class=\"elementor-element elementor-element-771daf4 e-con-full e-flex e-con e-child\" data-id=\"771daf4\" data-element_type=\"container\" data-e-type=\"container\">\n\t\t\t\t<div class=\"elementor-element elementor-element-300542b tel elementor-align-start elementor-list-item-link-inline elementor-icon-list--layout-traditional elementor-widget elementor-widget-icon-list\" data-id=\"300542b\" data-element_type=\"widget\" data-e-type=\"widget\" data-widget_type=\"icon-list.default\">\n\t\t\t\t<div class=\"elementor-widget-container\">\n\t\t\t\t\t\t\t<ul class=\"elementor-icon-list-items\">\n\t\t\t\t\t\t\t<li class=\"elementor-icon-list-item\">\n\t\t\t\t\t\t\t\t\t\t\t<a href=\"\" target=\"_blank\">\n\n\t\t\t\t\t\t\t\t\t\t\t\t<span class=\"elementor-icon-list-icon\">\n\t\t\t\t\t\t\t<i aria-hidden=\"true\" class=\"fas fa-phone-alt\"><\/i>\t\t\t\t\t\t<\/span>\n\t\t\t\t\t\t\t\t\t\t<span class=\"elementor-icon-list-text\"><a href=\"tel:227577839\">2 2757 7839<\/a><\/span>\n\t\t\t\t\t\t\t\t\t\t\t<\/a>\n\t\t\t\t\t\t\t\t\t<\/li>\n\t\t\t\t\t\t<\/ul>\n\t\t\t\t\t\t<\/div>\n\t\t\t\t<\/div>\n\t\t\t\t<\/div>\n\t\t<div class=\"elementor-element elementor-element-46f7634 e-flex e-con-boxed e-con e-child\" data-id=\"46f7634\" data-element_type=\"container\" data-e-type=\"container\">\n\t\t\t\t\t<div class=\"e-con-inner\">\n\t\t\t\t<div class=\"elementor-element elementor-element-cf371d2 elementor-hidden-desktop elementor-hidden-tablet elementor-hidden-mobile elementor-view-default elementor-widget elementor-widget-icon\" data-id=\"cf371d2\" data-element_type=\"widget\" data-e-type=\"widget\" data-widget_type=\"icon.default\">\n\t\t\t\t<div class=\"elementor-widget-container\">\n\t\t\t\t\t\t\t<div class=\"elementor-icon-wrapper\">\n\t\t\t<a class=\"elementor-icon\" href=\"https:\/\/www.linkedin.com\/in\/mar%C3%ADa-pilar-dom%C3%ADnguez-00ab3315a\/\" target=\"_blank\">\n\t\t\t<i aria-hidden=\"true\" class=\"fab fa-linkedin\"><\/i>\t\t\t<\/a>\n\t\t<\/div>\n\t\t\t\t\t\t<\/div>\n\t\t\t\t<\/div>\n\t\t\t\t\t<\/div>\n\t\t\t\t<\/div>\n\t\t\t\t\t<\/div>\n\t\t\t\t<\/div>\n\t\t\t\t<div class=\"elementor-element elementor-element-d82675e elementor-widget-divider--view-line elementor-widget elementor-widget-divider\" data-id=\"d82675e\" data-element_type=\"widget\" data-e-type=\"widget\" data-widget_type=\"divider.default\">\n\t\t\t\t<div class=\"elementor-widget-container\">\n\t\t\t\t\t\t\t<div class=\"elementor-divider\">\n\t\t\t<span class=\"elementor-divider-separator\">\n\t\t\t\t\t\t<\/span>\n\t\t<\/div>\n\t\t\t\t\t\t<\/div>\n\t\t\t\t<\/div>\n\t\t\t\t<\/div>\n\t\t\t\t\t<\/div>\n\t\t\t\t<\/div>\n\t\t\t\t<\/div>\n\t\t\t\t<\/article>\n\t\t\t\t<\/div>\n\t\t\t\t\t\t<\/div>\n\t\t\t\t<\/div>\n\t\t\t\t\t<\/div>\n\t\t<\/div>\n\t\t\t\t\t<\/div>\n\t\t<\/section>\n\t\t\t\t<\/div>","protected":false},"excerpt":{"rendered":"<p>Medio Ambiente \u00a0Nuestra pr\u00e1ctica de Medio Ambiente se fundamenta en nuestra experiencia brindando asesoramiento integral en grandes proyectos, tales como miner\u00eda, infraestructura y energ\u00eda, entre otros. Adem\u00e1s, hemos acumulado una destacada trayectoria al asesorar a nuestros clientes en una amplia gama de temas relacionados con el cumplimiento y la aplicaci\u00f3n de la normativa medioambiental. Brindamos [&hellip;]<\/p>\n","protected":false},"author":2,"featured_media":0,"parent":299,"menu_order":0,"comment_status":"closed","ping_status":"closed","template":"","meta":{"_acf_changed":false,"footnotes":""},"class_list":["post-12613","page","type-page","status-publish","hentry"],"acf":[],"aioseo_notices":[],"_links":{"self":[{"href":"https:\/\/bofillmir.cl\/eng\/wp-json\/wp\/v2\/pages\/12613","targetHints":{"allow":["GET"]}}],"collection":[{"href":"https:\/\/bofillmir.cl\/eng\/wp-json\/wp\/v2\/pages"}],"about":[{"href":"https:\/\/bofillmir.cl\/eng\/wp-json\/wp\/v2\/types\/page"}],"author":[{"embeddable":true,"href":"https:\/\/bofillmir.cl\/eng\/wp-json\/wp\/v2\/users\/2"}],"replies":[{"embeddable":true,"href":"https:\/\/bofillmir.cl\/eng\/wp-json\/wp\/v2\/comments?post=12613"}],"version-history":[{"count":29,"href":"https:\/\/bofillmir.cl\/eng\/wp-json\/wp\/v2\/pages\/12613\/revisions"}],"predecessor-version":[{"id":14365,"href":"https:\/\/bofillmir.cl\/eng\/wp-json\/wp\/v2\/pages\/12613\/revisions\/14365"}],"up":[{"embeddable":true,"href":"https:\/\/bofillmir.cl\/eng\/wp-json\/wp\/v2\/pages\/299"}],"wp:attachment":[{"href":"https:\/\/bofillmir.cl\/eng\/wp-json\/wp\/v2\/media?parent=12613"}],"curies":[{"name":"wp","href":"https:\/\/api.w.org\/{rel}","templated":true}]}}