{"id":1520,"date":"2023-08-09T00:30:53","date_gmt":"2023-08-09T00:30:53","guid":{"rendered":"https:\/\/bofillmir.cl\/?page_id=1520"},"modified":"2025-11-18T04:27:31","modified_gmt":"2025-11-18T04:27:31","slug":"propiedad-intelectual-datos-y-tecnologia","status":"publish","type":"page","link":"https:\/\/bofillmir.cl\/eng\/nuestras-practicas\/propiedad-intelectual-datos-y-tecnologia\/","title":{"rendered":"Intellectual Property, Data and Technologies"},"content":{"rendered":"<div data-elementor-type=\"wp-page\" data-elementor-id=\"1520\" class=\"elementor elementor-1520\" data-elementor-post-type=\"page\">\n\t\t\t\t\t\t<section class=\"elementor-section elementor-top-section elementor-element elementor-element-3a687f3 elementor-section-boxed elementor-section-height-default elementor-section-height-default\" data-id=\"3a687f3\" data-element_type=\"section\" data-e-type=\"section\" data-settings=\"{&quot;background_background&quot;:&quot;classic&quot;}\">\n\t\t\t\t\t\t<div class=\"elementor-container elementor-column-gap-default\">\n\t\t\t\t\t<div class=\"elementor-column elementor-col-100 elementor-top-column elementor-element elementor-element-e5fe076\" data-id=\"e5fe076\" data-element_type=\"column\" data-e-type=\"column\">\n\t\t\t<div class=\"elementor-widget-wrap elementor-element-populated\">\n\t\t\t\t\t\t<div class=\"elementor-element elementor-element-9d9b808 elementor-widget elementor-widget-heading\" data-id=\"9d9b808\" data-element_type=\"widget\" data-e-type=\"widget\" data-widget_type=\"heading.default\">\n\t\t\t\t<div class=\"elementor-widget-container\">\n\t\t\t\t\t<h2 class=\"elementor-heading-title elementor-size-default\">Intellectual Property, Data and Technologies <\/h2>\t\t\t\t<\/div>\n\t\t\t\t<\/div>\n\t\t\t\t\t<\/div>\n\t\t<\/div>\n\t\t\t\t\t<\/div>\n\t\t<\/section>\n\t\t\t\t<section class=\"elementor-section elementor-top-section elementor-element elementor-element-5e5c6fe elementor-section-boxed elementor-section-height-default elementor-section-height-default\" data-id=\"5e5c6fe\" data-element_type=\"section\" data-e-type=\"section\" data-settings=\"{&quot;background_background&quot;:&quot;classic&quot;}\">\n\t\t\t\t\t\t<div class=\"elementor-container elementor-column-gap-default\">\n\t\t\t\t\t<div class=\"elementor-column elementor-col-100 elementor-top-column elementor-element elementor-element-eb52110\" data-id=\"eb52110\" data-element_type=\"column\" data-e-type=\"column\">\n\t\t\t<div class=\"elementor-widget-wrap elementor-element-populated\">\n\t\t\t\t\t\t<div class=\"elementor-element elementor-element-bbedc21 elementor-widget elementor-widget-text-editor\" data-id=\"bbedc21\" data-element_type=\"widget\" data-e-type=\"widget\" data-widget_type=\"text-editor.default\">\n\t\t\t\t<div class=\"elementor-widget-container\">\n\t\t\t\t\t\t\t\t\t<p>Our team of specialists in Intellectual Property, Data Protection and Technology has extensive experience advising clients from various industries in the implementation and development of strategies related to the management of intangible assets and the proper treatment of personal data, allowing them to operate safely in dynamic and highly technological environments. We also provide specialized services for <em>start-ups<\/em>, offering comprehensive solutions at every stage of their development.<\/p><p>Our experience is focused on the protection of Intellectual Property in all economic sectors, covering from the initial phase of creation, registration, commercialization, and defense against possible infringements by third parties.<\/p>\t\t\t\t\t\t\t\t<\/div>\n\t\t\t\t<\/div>\n\t\t\t\t\t<\/div>\n\t\t<\/div>\n\t\t\t\t\t<\/div>\n\t\t<\/section>\n\t\t<div class=\"elementor-element elementor-element-3c829f8 e-flex e-con-boxed e-con e-parent\" data-id=\"3c829f8\" data-element_type=\"container\" data-e-type=\"container\">\n\t\t\t\t\t<div class=\"e-con-inner\">\n\t\t\t\t<div class=\"elementor-element elementor-element-9d74e9a elementor-widget__width-initial elementor-widget-mobile__width-initial elementor-widget elementor-widget-text-editor\" data-id=\"9d74e9a\" data-element_type=\"widget\" data-e-type=\"widget\" data-widget_type=\"text-editor.default\">\n\t\t\t\t<div class=\"elementor-widget-container\">\n\t\t\t\t\t\t\t\t\t<p>We provide preventive and legal advice in cases of unfair competition and intellectual property litigation. Our team has experts who act as legal representatives and expert witnesses in these cases, backed by their experience as professors and authors in the field.<\/p><p>In addition, we advise on the implementation of internal policies to comply with local data protection regulations. This is especially relevant as they will soon undergo significant changes.<\/p><p>Furthermore, we provide guidance on e-commerce and compliance with specific regulations for various sectors, as well as on issues related to advertising and consumer rights.<\/p>\t\t\t\t\t\t\t\t<\/div>\n\t\t\t\t<\/div>\n\t\t<div class=\"elementor-element elementor-element-a400fb4 e-flex e-con-boxed e-con e-child\" data-id=\"a400fb4\" data-element_type=\"container\" data-e-type=\"container\" data-settings=\"{&quot;background_background&quot;:&quot;classic&quot;}\">\n\t\t\t\t\t<div class=\"e-con-inner\">\n\t\t\t\t\t<\/div>\n\t\t\t\t<\/div>\n\t\t\t\t\t<\/div>\n\t\t\t\t<\/div>\n\t\t\t\t<section class=\"elementor-section elementor-top-section elementor-element elementor-element-49f007c elementor-section-boxed elementor-section-height-default elementor-section-height-default\" data-id=\"49f007c\" data-element_type=\"section\" data-e-type=\"section\">\n\t\t\t\t\t\t<div class=\"elementor-container elementor-column-gap-default\">\n\t\t\t\t\t<div class=\"elementor-column elementor-col-100 elementor-top-column elementor-element elementor-element-618edfe\" data-id=\"618edfe\" data-element_type=\"column\" data-e-type=\"column\">\n\t\t\t<div class=\"elementor-widget-wrap elementor-element-populated\">\n\t\t\t\t\t\t<div class=\"elementor-element elementor-element-d648d03 elementor-grid-1 elementor-posts--thumbnail-top elementor-grid-tablet-2 elementor-grid-mobile-1 elementor-widget elementor-widget-posts\" data-id=\"d648d03\" data-element_type=\"widget\" data-e-type=\"widget\" data-settings=\"{&quot;custom_columns&quot;:&quot;1&quot;,&quot;custom_row_gap_mobile&quot;:{&quot;unit&quot;:&quot;px&quot;,&quot;size&quot;:10,&quot;sizes&quot;:[]},&quot;custom_columns_tablet&quot;:&quot;2&quot;,&quot;custom_columns_mobile&quot;:&quot;1&quot;,&quot;custom_row_gap&quot;:{&quot;unit&quot;:&quot;px&quot;,&quot;size&quot;:35,&quot;sizes&quot;:[]},&quot;custom_row_gap_tablet&quot;:{&quot;unit&quot;:&quot;px&quot;,&quot;size&quot;:&quot;&quot;,&quot;sizes&quot;:[]}}\" data-widget_type=\"posts.custom\">\n\t\t\t\t<div class=\"elementor-widget-container\">\n\t\t\t\t\t      <div class=\"ecs-posts elementor-posts-container elementor-posts   elementor-grid elementor-posts--skin-custom\" data-settings=\"{&quot;current_page&quot;:1,&quot;max_num_pages&quot;:0,&quot;load_method&quot;:&quot;&quot;,&quot;widget_id&quot;:&quot;d648d03&quot;,&quot;post_id&quot;:1520,&quot;theme_id&quot;:1520,&quot;change_url&quot;:false,&quot;reinit_js&quot;:false}\">\n      <div class=\"elementor-posts-nothing-found\"><\/div>\t\t<\/div>\n\t\t\t\t\t\t<\/div>\n\t\t\t\t<\/div>\n\t\t\t\t\t<\/div>\n\t\t<\/div>\n\t\t\t\t\t<\/div>\n\t\t<\/section>\n\t\t\t\t<\/div>","protected":false},"excerpt":{"rendered":"<p>Propiedad Intelectual, Datos y Tecnolog\u00eda Nuestro equipo de especialistas en Propiedad Intelectual, Protecci\u00f3n de Datos y Tecnolog\u00eda cuenta con una amplia experiencia asesorando a clientes de diversas industrias en la implementaci\u00f3n y desarrollo de estrategias relacionadas con la gesti\u00f3n de activos intangibles y el adecuado tratamiento de datos personales, lo que les permite operar de [&hellip;]<\/p>\n","protected":false},"author":1,"featured_media":0,"parent":299,"menu_order":0,"comment_status":"closed","ping_status":"closed","template":"","meta":{"_acf_changed":false,"footnotes":""},"class_list":["post-1520","page","type-page","status-publish","hentry"],"acf":[],"aioseo_notices":[],"_links":{"self":[{"href":"https:\/\/bofillmir.cl\/eng\/wp-json\/wp\/v2\/pages\/1520","targetHints":{"allow":["GET"]}}],"collection":[{"href":"https:\/\/bofillmir.cl\/eng\/wp-json\/wp\/v2\/pages"}],"about":[{"href":"https:\/\/bofillmir.cl\/eng\/wp-json\/wp\/v2\/types\/page"}],"author":[{"embeddable":true,"href":"https:\/\/bofillmir.cl\/eng\/wp-json\/wp\/v2\/users\/1"}],"replies":[{"embeddable":true,"href":"https:\/\/bofillmir.cl\/eng\/wp-json\/wp\/v2\/comments?post=1520"}],"version-history":[{"count":48,"href":"https:\/\/bofillmir.cl\/eng\/wp-json\/wp\/v2\/pages\/1520\/revisions"}],"predecessor-version":[{"id":14133,"href":"https:\/\/bofillmir.cl\/eng\/wp-json\/wp\/v2\/pages\/1520\/revisions\/14133"}],"up":[{"embeddable":true,"href":"https:\/\/bofillmir.cl\/eng\/wp-json\/wp\/v2\/pages\/299"}],"wp:attachment":[{"href":"https:\/\/bofillmir.cl\/eng\/wp-json\/wp\/v2\/media?parent=1520"}],"curies":[{"name":"wp","href":"https:\/\/api.w.org\/{rel}","templated":true}]}}