{"id":2117,"date":"2023-08-29T01:32:17","date_gmt":"2023-08-29T01:32:17","guid":{"rendered":"https:\/\/bofillmir.cl\/?page_id=2117"},"modified":"2023-11-20T19:27:57","modified_gmt":"2023-11-20T19:27:57","slug":"cadagestovale","status":"publish","type":"page","link":"https:\/\/bofillmir.cl\/eng\/cadagestovale\/","title":{"rendered":"CadaGestoVale"},"content":{"rendered":"<div data-elementor-type=\"wp-page\" data-elementor-id=\"2117\" class=\"elementor elementor-2117\" data-elementor-post-type=\"page\">\n\t\t\t\t\t\t<section class=\"elementor-section elementor-top-section elementor-element elementor-element-0f185be elementor-section-boxed elementor-section-height-default elementor-section-height-default\" data-id=\"0f185be\" data-element_type=\"section\" data-e-type=\"section\" data-settings=\"{&quot;background_background&quot;:&quot;classic&quot;}\">\n\t\t\t\t\t\t<div class=\"elementor-container elementor-column-gap-default\">\n\t\t\t\t\t<div class=\"elementor-column elementor-col-100 elementor-top-column elementor-element elementor-element-fac7bf1\" data-id=\"fac7bf1\" data-element_type=\"column\" data-e-type=\"column\">\n\t\t\t<div class=\"elementor-widget-wrap elementor-element-populated\">\n\t\t\t\t\t\t<div class=\"elementor-element elementor-element-0f9233f elementor-widget elementor-widget-heading\" data-id=\"0f9233f\" data-element_type=\"widget\" data-e-type=\"widget\" data-widget_type=\"heading.default\">\n\t\t\t\t<div class=\"elementor-widget-container\">\n\t\t\t\t\t<h1 class=\"elementor-heading-title elementor-size-default\">#EveryActCounts<\/h1>\t\t\t\t<\/div>\n\t\t\t\t<\/div>\n\t\t\t\t\t<\/div>\n\t\t<\/div>\n\t\t\t\t\t<\/div>\n\t\t<\/section>\n\t\t\t\t<section class=\"elementor-section elementor-top-section elementor-element elementor-element-471fee9 elementor-section-boxed elementor-section-height-default elementor-section-height-default\" data-id=\"471fee9\" data-element_type=\"section\" data-e-type=\"section\" data-settings=\"{&quot;background_background&quot;:&quot;classic&quot;}\">\n\t\t\t\t\t\t<div class=\"elementor-container elementor-column-gap-default\">\n\t\t\t\t\t<div class=\"elementor-column elementor-col-100 elementor-top-column elementor-element elementor-element-4f8e9c1\" data-id=\"4f8e9c1\" data-element_type=\"column\" data-e-type=\"column\">\n\t\t\t<div class=\"elementor-widget-wrap elementor-element-populated\">\n\t\t\t\t\t\t<div class=\"elementor-element elementor-element-178c183 elementor-widget elementor-widget-text-editor\" data-id=\"178c183\" data-element_type=\"widget\" data-e-type=\"widget\" data-widget_type=\"text-editor.default\">\n\t\t\t\t<div class=\"elementor-widget-container\">\n\t\t\t\t\t\t\t\t\t<p>We believe that a smile, kindness, a greeting, turning off the lights when not in use, empathy, among others, are behaviors and acts that form a solid community that lasts over time. Together we work and live better.<\/p><p>Let\u2019s add acts and keep on building community, because at Bofill Mir Abogados #EveryActCounts.<\/p><p><strong>#EveryActCounts: that is how we build culture at Bofill Mir<\/strong><\/p>\t\t\t\t\t\t\t\t<\/div>\n\t\t\t\t<\/div>\n\t\t\t\t\t<\/div>\n\t\t<\/div>\n\t\t\t\t\t<\/div>\n\t\t<\/section>\n\t\t<div class=\"elementor-element elementor-element-370561d e-flex e-con-boxed e-con e-parent\" data-id=\"370561d\" data-element_type=\"container\" data-e-type=\"container\">\n\t\t\t\t\t<div class=\"e-con-inner\">\n\t\t<div class=\"elementor-element elementor-element-bdce348 e-con-full e-flex e-con e-child\" data-id=\"bdce348\" data-element_type=\"container\" data-e-type=\"container\">\n\t\t<div class=\"elementor-element elementor-element-2277cad e-flex e-con-boxed e-con e-child\" data-id=\"2277cad\" data-element_type=\"container\" data-e-type=\"container\">\n\t\t\t\t\t<div class=\"e-con-inner\">\n\t\t\t\t<div class=\"elementor-element elementor-element-f3fc591 elementor-widget elementor-widget-image\" data-id=\"f3fc591\" data-element_type=\"widget\" data-e-type=\"widget\" data-widget_type=\"image.default\">\n\t\t\t\t<div class=\"elementor-widget-container\">\n\t\t\t\t\t\t\t\t\t\t\t\t\t\t\t<img fetchpriority=\"high\" decoding=\"async\" width=\"800\" height=\"800\" src=\"https:\/\/bofillmir.cl\/wp-content\/uploads\/2023\/10\/Fundacion_pro_bono_negro-1024x1024.png\" class=\"attachment-large size-large wp-image-3779\" alt=\"\" srcset=\"https:\/\/bofillmir.cl\/wp-content\/uploads\/2023\/10\/Fundacion_pro_bono_negro-1024x1024.png 1024w, https:\/\/bofillmir.cl\/wp-content\/uploads\/2023\/10\/Fundacion_pro_bono_negro-300x300.png 300w, https:\/\/bofillmir.cl\/wp-content\/uploads\/2023\/10\/Fundacion_pro_bono_negro-150x150.png 150w, https:\/\/bofillmir.cl\/wp-content\/uploads\/2023\/10\/Fundacion_pro_bono_negro-768x768.png 768w, https:\/\/bofillmir.cl\/wp-content\/uploads\/2023\/10\/Fundacion_pro_bono_negro-1536x1536.png 1536w, https:\/\/bofillmir.cl\/wp-content\/uploads\/2023\/10\/Fundacion_pro_bono_negro-12x12.png 12w, https:\/\/bofillmir.cl\/wp-content\/uploads\/2023\/10\/Fundacion_pro_bono_negro.png 1772w\" sizes=\"(max-width: 800px) 100vw, 800px\" \/>\t\t\t\t\t\t\t\t\t\t\t\t\t\t\t<\/div>\n\t\t\t\t<\/div>\n\t\t\t\t\t<\/div>\n\t\t\t\t<\/div>\n\t\t<div class=\"elementor-element elementor-element-3dbb8df e-flex e-con-boxed e-con e-child\" data-id=\"3dbb8df\" data-element_type=\"container\" data-e-type=\"container\">\n\t\t\t\t\t<div class=\"e-con-inner\">\n\t\t\t\t<div class=\"elementor-element elementor-element-7b7687f elementor-widget elementor-widget-image\" data-id=\"7b7687f\" data-element_type=\"widget\" data-e-type=\"widget\" data-widget_type=\"image.default\">\n\t\t\t\t<div class=\"elementor-widget-container\">\n\t\t\t\t\t\t\t\t\t\t\t\t\t\t\t<img decoding=\"async\" width=\"800\" height=\"701\" src=\"https:\/\/bofillmir.cl\/wp-content\/uploads\/2023\/10\/Sello_miembro_pro_bono-2_negro-1024x897.png\" class=\"attachment-large size-large wp-image-3067\" alt=\"\" srcset=\"https:\/\/bofillmir.cl\/wp-content\/uploads\/2023\/10\/Sello_miembro_pro_bono-2_negro-1024x897.png 1024w, https:\/\/bofillmir.cl\/wp-content\/uploads\/2023\/10\/Sello_miembro_pro_bono-2_negro-300x263.png 300w, https:\/\/bofillmir.cl\/wp-content\/uploads\/2023\/10\/Sello_miembro_pro_bono-2_negro-768x673.png 768w, https:\/\/bofillmir.cl\/wp-content\/uploads\/2023\/10\/Sello_miembro_pro_bono-2_negro-14x12.png 14w, https:\/\/bofillmir.cl\/wp-content\/uploads\/2023\/10\/Sello_miembro_pro_bono-2_negro.png 1400w\" sizes=\"(max-width: 800px) 100vw, 800px\" \/>\t\t\t\t\t\t\t\t\t\t\t\t\t\t\t<\/div>\n\t\t\t\t<\/div>\n\t\t\t\t\t<\/div>\n\t\t\t\t<\/div>\n\t\t\t\t<\/div>\n\t\t<div class=\"elementor-element elementor-element-597e15a e-con-full e-flex e-con e-child\" data-id=\"597e15a\" data-element_type=\"container\" data-e-type=\"container\">\n\t\t\t\t<div class=\"elementor-element elementor-element-780d9c8 elementor-widget elementor-widget-heading\" data-id=\"780d9c8\" data-element_type=\"widget\" data-e-type=\"widget\" data-widget_type=\"heading.default\">\n\t\t\t\t<div class=\"elementor-widget-container\">\n\t\t\t\t\t<h2 class=\"elementor-heading-title elementor-size-default\">Pro Bono<\/h2>\t\t\t\t<\/div>\n\t\t\t\t<\/div>\n\t\t\t\t<div class=\"elementor-element elementor-element-164186e elementor-widget elementor-widget-text-editor\" data-id=\"164186e\" data-element_type=\"widget\" data-e-type=\"widget\" data-widget_type=\"text-editor.default\">\n\t\t\t\t<div class=\"elementor-widget-container\">\n\t\t\t\t\t\t\t\t\t<p>Pro Bono work holds a fundamental place for us. We believe in the paramount importance of engaging voluntary legal work of the utmost quality and unwavering commitment to promote and to streamline access to justice for those most in need. We proudly stand as members of the Pro Bono Chile Foundation, and our partner Pablo Mir is member to their board.<\/p><p>Parte de nuestro equipo particip\u00f3 en el Evento Anual Pro Bono 2023. Estuvimos nominados en las siguientes categor\u00edas: Estudio del a\u00f1o, Coordinador del a\u00f1o y Caso del a\u00f1o, \u00a1y ganamos la \u00faltima categor\u00eda! Este logro representa nuestro compromiso constante con la excelencia en el trabajo Pro Bono y fortalece nuestro v\u00ednculo con la comunidad<\/p>\t\t\t\t\t\t\t\t<\/div>\n\t\t\t\t<\/div>\n\t\t\t\t<\/div>\n\t\t\t\t\t<\/div>\n\t\t\t\t<\/div>\n\t\t<div class=\"elementor-element elementor-element-aadcc61 e-flex e-con-boxed e-con e-parent\" data-id=\"aadcc61\" data-element_type=\"container\" data-e-type=\"container\">\n\t\t\t\t\t<div class=\"e-con-inner\">\n\t\t<div class=\"elementor-element elementor-element-0b412d6 e-con-full e-flex e-con e-child\" data-id=\"0b412d6\" data-element_type=\"container\" data-e-type=\"container\">\n\t\t\t\t<div class=\"elementor-element elementor-element-e90c053 elementor-widget elementor-widget-heading\" data-id=\"e90c053\" data-element_type=\"widget\" data-e-type=\"widget\" data-widget_type=\"heading.default\">\n\t\t\t\t<div class=\"elementor-widget-container\">\n\t\t\t\t\t<h2 class=\"elementor-heading-title elementor-size-default\">Academy<\/h2>\t\t\t\t<\/div>\n\t\t\t\t<\/div>\n\t\t\t\t<div class=\"elementor-element elementor-element-d78f160 elementor-widget elementor-widget-text-editor\" data-id=\"d78f160\" data-element_type=\"widget\" data-e-type=\"widget\" data-widget_type=\"text-editor.default\">\n\t\t\t\t<div class=\"elementor-widget-container\">\n\t\t\t\t\t\t\t\t\t<p>Teaching occupies a pivotal role in shaping and nurturing individuals while contributing significantly to the building of thriving and advanced societies. We take pride in the fact that over a third part of our lawyers actively participate in various educational endeavors, dedicated to fostering the growth of future lawyers.<\/p>\t\t\t\t\t\t\t\t<\/div>\n\t\t\t\t<\/div>\n\t\t\t\t<\/div>\n\t\t<div class=\"elementor-element elementor-element-624574a e-con-full e-flex e-con e-child\" data-id=\"624574a\" data-element_type=\"container\" data-e-type=\"container\">\n\t\t\t\t<div class=\"elementor-element elementor-element-d8e442a elementor-widget elementor-widget-image\" data-id=\"d8e442a\" data-element_type=\"widget\" data-e-type=\"widget\" data-widget_type=\"image.default\">\n\t\t\t\t<div class=\"elementor-widget-container\">\n\t\t\t\t\t\t\t\t\t\t\t\t\t\t\t<img decoding=\"async\" width=\"269\" height=\"275\" src=\"https:\/\/bofillmir.cl\/wp-content\/uploads\/2023\/09\/Captura-de-Pantalla-2023-09-04-a-las-11.00.49.png\" class=\"attachment-large size-large wp-image-2424\" alt=\"\" \/>\t\t\t\t\t\t\t\t\t\t\t\t\t\t\t<\/div>\n\t\t\t\t<\/div>\n\t\t\t\t<\/div>\n\t\t\t\t\t<\/div>\n\t\t\t\t<\/div>\n\t\t<div class=\"elementor-element elementor-element-bfff77c e-flex e-con-boxed e-con e-parent\" data-id=\"bfff77c\" data-element_type=\"container\" data-e-type=\"container\">\n\t\t\t\t\t<div class=\"e-con-inner\">\n\t\t<div class=\"elementor-element elementor-element-a625116 e-con-full e-flex e-con e-child\" data-id=\"a625116\" data-element_type=\"container\" data-e-type=\"container\">\n\t\t\t\t<div class=\"elementor-element elementor-element-12d0ce6 elementor-widget elementor-widget-image\" data-id=\"12d0ce6\" data-element_type=\"widget\" data-e-type=\"widget\" data-widget_type=\"image.default\">\n\t\t\t\t<div class=\"elementor-widget-container\">\n\t\t\t\t\t\t\t\t\t\t\t\t\t\t\t<img loading=\"lazy\" decoding=\"async\" width=\"379\" height=\"144\" src=\"https:\/\/bofillmir.cl\/wp-content\/uploads\/2023\/08\/Captura-de-Pantalla-2023-08-28-a-las-21.36.41.png\" class=\"attachment-large size-large wp-image-2121\" alt=\"\" srcset=\"https:\/\/bofillmir.cl\/wp-content\/uploads\/2023\/08\/Captura-de-Pantalla-2023-08-28-a-las-21.36.41.png 379w, https:\/\/bofillmir.cl\/wp-content\/uploads\/2023\/08\/Captura-de-Pantalla-2023-08-28-a-las-21.36.41-300x114.png 300w\" sizes=\"(max-width: 379px) 100vw, 379px\" \/>\t\t\t\t\t\t\t\t\t\t\t\t\t\t\t<\/div>\n\t\t\t\t<\/div>\n\t\t\t\t<\/div>\n\t\t<div class=\"elementor-element elementor-element-8e94267 e-con-full e-flex e-con e-child\" data-id=\"8e94267\" data-element_type=\"container\" data-e-type=\"container\">\n\t\t\t\t<div class=\"elementor-element elementor-element-81b1a35 elementor-widget elementor-widget-heading\" data-id=\"81b1a35\" data-element_type=\"widget\" data-e-type=\"widget\" data-widget_type=\"heading.default\">\n\t\t\t\t<div class=\"elementor-widget-container\">\n\t\t\t\t\t<h2 class=\"elementor-heading-title elementor-size-default\">The Green Box (La Caja Verde)<\/h2>\t\t\t\t<\/div>\n\t\t\t\t<\/div>\n\t\t\t\t<div class=\"elementor-element elementor-element-5fe8698 elementor-widget elementor-widget-text-editor\" data-id=\"5fe8698\" data-element_type=\"widget\" data-e-type=\"widget\" data-widget_type=\"text-editor.default\">\n\t\t\t\t<div class=\"elementor-widget-container\">\n\t\t\t\t\t\t\t\t\t<p>The Green Box arrived at Bofill Mir Abogados because we are committed to the significance of offering practical solutions in our sustainability goals.  Thus, monthly, we strive to enhance our recovery rates and reduce our carbon footprint.<\/p>\t\t\t\t\t\t\t\t<\/div>\n\t\t\t\t<\/div>\n\t\t\t\t<\/div>\n\t\t\t\t\t<\/div>\n\t\t\t\t<\/div>\n\t\t<div class=\"elementor-element elementor-element-6c59564 e-flex e-con-boxed e-con e-parent\" data-id=\"6c59564\" data-element_type=\"container\" data-e-type=\"container\">\n\t\t\t\t\t<div class=\"e-con-inner\">\n\t\t<div class=\"elementor-element elementor-element-2872a04 e-con-full e-flex e-con e-child\" data-id=\"2872a04\" data-element_type=\"container\" data-e-type=\"container\">\n\t\t\t\t<div class=\"elementor-element elementor-element-34b257e elementor-widget elementor-widget-heading\" data-id=\"34b257e\" data-element_type=\"widget\" data-e-type=\"widget\" data-widget_type=\"heading.default\">\n\t\t\t\t<div class=\"elementor-widget-container\">\n\t\t\t\t\t<h2 class=\"elementor-heading-title elementor-size-default\">\nGeographic Diversity<\/h2>\t\t\t\t<\/div>\n\t\t\t\t<\/div>\n\t\t\t\t<div class=\"elementor-element elementor-element-e326706 elementor-widget elementor-widget-text-editor\" data-id=\"e326706\" data-element_type=\"widget\" data-e-type=\"widget\" data-widget_type=\"text-editor.default\">\n\t\t\t\t<div class=\"elementor-widget-container\">\n\t\t\t\t\t\t\t\t\t<p>Our team comprises individuals hailing from different regions of our country, bringing a valuable array of perspectives and experiences to the work environment, thereby greatly enhancing it.<\/p>\t\t\t\t\t\t\t\t<\/div>\n\t\t\t\t<\/div>\n\t\t\t\t<\/div>\n\t\t<div class=\"elementor-element elementor-element-26295de e-con-full e-flex e-con e-child\" data-id=\"26295de\" data-element_type=\"container\" data-e-type=\"container\">\n\t\t\t\t<div class=\"elementor-element elementor-element-7c4e3e2 elementor-widget elementor-widget-image\" data-id=\"7c4e3e2\" data-element_type=\"widget\" data-e-type=\"widget\" data-widget_type=\"image.default\">\n\t\t\t\t<div class=\"elementor-widget-container\">\n\t\t\t\t\t\t\t\t\t\t\t\t\t\t\t<img loading=\"lazy\" decoding=\"async\" width=\"235\" height=\"267\" src=\"https:\/\/bofillmir.cl\/wp-content\/uploads\/2023\/09\/Captura-de-Pantalla-2023-09-04-a-las-11.01.01.png\" class=\"attachment-large size-large wp-image-2425\" alt=\"\" \/>\t\t\t\t\t\t\t\t\t\t\t\t\t\t\t<\/div>\n\t\t\t\t<\/div>\n\t\t\t\t<\/div>\n\t\t\t\t\t<\/div>\n\t\t\t\t<\/div>\n\t\t<div class=\"elementor-element elementor-element-1745774 e-flex e-con-boxed e-con e-parent\" data-id=\"1745774\" data-element_type=\"container\" data-e-type=\"container\">\n\t\t\t\t\t<div class=\"e-con-inner\">\n\t\t<div class=\"elementor-element elementor-element-204b9e5 e-con-full e-flex e-con e-child\" data-id=\"204b9e5\" data-element_type=\"container\" data-e-type=\"container\">\n\t\t\t\t<div class=\"elementor-element elementor-element-492d14f elementor-widget elementor-widget-image\" data-id=\"492d14f\" data-element_type=\"widget\" data-e-type=\"widget\" data-widget_type=\"image.default\">\n\t\t\t\t<div class=\"elementor-widget-container\">\n\t\t\t\t\t\t\t\t\t\t\t\t\t\t\t<img loading=\"lazy\" decoding=\"async\" width=\"293\" height=\"240\" src=\"https:\/\/bofillmir.cl\/wp-content\/uploads\/2023\/09\/Captura-de-Pantalla-2023-09-04-a-las-11.01.11.png\" class=\"attachment-large size-large wp-image-2426\" alt=\"\" \/>\t\t\t\t\t\t\t\t\t\t\t\t\t\t\t<\/div>\n\t\t\t\t<\/div>\n\t\t\t\t<\/div>\n\t\t<div class=\"elementor-element elementor-element-79dcba2 e-con-full e-flex e-con e-child\" data-id=\"79dcba2\" data-element_type=\"container\" data-e-type=\"container\">\n\t\t\t\t<div class=\"elementor-element elementor-element-9e032d5 elementor-widget elementor-widget-heading\" data-id=\"9e032d5\" data-element_type=\"widget\" data-e-type=\"widget\" data-widget_type=\"heading.default\">\n\t\t\t\t<div class=\"elementor-widget-container\">\n\t\t\t\t\t<h2 class=\"elementor-heading-title elementor-size-default\">Healthy Living<\/h2>\t\t\t\t<\/div>\n\t\t\t\t<\/div>\n\t\t\t\t<div class=\"elementor-element elementor-element-11f833e elementor-widget elementor-widget-text-editor\" data-id=\"11f833e\" data-element_type=\"widget\" data-e-type=\"widget\" data-widget_type=\"text-editor.default\">\n\t\t\t\t<div class=\"elementor-widget-container\">\n\t\t\t\t\t\t\t\t\t<p>To us, maintaining a healthy living is essential to reach your full potential. This is why we have designed an environment that encourages and supports your well-being goals through a range of various initiatives and partnerships.<\/p>\t\t\t\t\t\t\t\t<\/div>\n\t\t\t\t<\/div>\n\t\t\t\t<\/div>\n\t\t\t\t\t<\/div>\n\t\t\t\t<\/div>\n\t\t\t\t<\/div>","protected":false},"excerpt":{"rendered":"<p>#CadaGestoVale Nosotros creemos que una sonrisa, la amabilidad, un saludo, apagar las luces al no usarlas, la empat\u00eda, entre otros, son conductas y gestos que logran formar una comunidad s\u00f3lida que perdura en el tiempo. Unidos se trabaja y se vive mejor. Sumemos gestos y formemos comunidad, porque en Bofill Mir Abogados #CadaGestoVale. #CadaGestoVale: as\u00ed [&hellip;]<\/p>\n","protected":false},"author":1,"featured_media":0,"parent":0,"menu_order":0,"comment_status":"closed","ping_status":"closed","template":"","meta":{"_acf_changed":false,"footnotes":""},"class_list":["post-2117","page","type-page","status-publish","hentry"],"acf":[],"aioseo_notices":[],"_links":{"self":[{"href":"https:\/\/bofillmir.cl\/eng\/wp-json\/wp\/v2\/pages\/2117","targetHints":{"allow":["GET"]}}],"collection":[{"href":"https:\/\/bofillmir.cl\/eng\/wp-json\/wp\/v2\/pages"}],"about":[{"href":"https:\/\/bofillmir.cl\/eng\/wp-json\/wp\/v2\/types\/page"}],"author":[{"embeddable":true,"href":"https:\/\/bofillmir.cl\/eng\/wp-json\/wp\/v2\/users\/1"}],"replies":[{"embeddable":true,"href":"https:\/\/bofillmir.cl\/eng\/wp-json\/wp\/v2\/comments?post=2117"}],"version-history":[{"count":53,"href":"https:\/\/bofillmir.cl\/eng\/wp-json\/wp\/v2\/pages\/2117\/revisions"}],"predecessor-version":[{"id":4153,"href":"https:\/\/bofillmir.cl\/eng\/wp-json\/wp\/v2\/pages\/2117\/revisions\/4153"}],"wp:attachment":[{"href":"https:\/\/bofillmir.cl\/eng\/wp-json\/wp\/v2\/media?parent=2117"}],"curies":[{"name":"wp","href":"https:\/\/api.w.org\/{rel}","templated":true}]}}