{"id":2143,"date":"2023-08-29T02:07:41","date_gmt":"2023-08-29T02:07:41","guid":{"rendered":"https:\/\/bofillmir.cl\/?page_id=2143"},"modified":"2023-10-18T17:18:23","modified_gmt":"2023-10-18T17:18:23","slug":"talento-bm","status":"publish","type":"page","link":"https:\/\/bofillmir.cl\/eng\/talento-bm\/","title":{"rendered":"BM Talent"},"content":{"rendered":"<div data-elementor-type=\"wp-page\" data-elementor-id=\"2143\" class=\"elementor elementor-2143\" data-elementor-post-type=\"page\">\n\t\t\t\t\t\t<section class=\"elementor-section elementor-top-section elementor-element elementor-element-0f185be elementor-section-boxed elementor-section-height-default elementor-section-height-default\" data-id=\"0f185be\" data-element_type=\"section\" data-e-type=\"section\" data-settings=\"{&quot;background_background&quot;:&quot;classic&quot;}\">\n\t\t\t\t\t\t<div class=\"elementor-container elementor-column-gap-default\">\n\t\t\t\t\t<div class=\"elementor-column elementor-col-100 elementor-top-column elementor-element elementor-element-fac7bf1\" data-id=\"fac7bf1\" data-element_type=\"column\" data-e-type=\"column\">\n\t\t\t<div class=\"elementor-widget-wrap elementor-element-populated\">\n\t\t\t\t\t\t<div class=\"elementor-element elementor-element-0f9233f elementor-widget elementor-widget-heading\" data-id=\"0f9233f\" data-element_type=\"widget\" data-e-type=\"widget\" data-widget_type=\"heading.default\">\n\t\t\t\t<div class=\"elementor-widget-container\">\n\t\t\t\t\t<h1 class=\"elementor-heading-title elementor-size-default\">BM Talent: This is our commitment with you career.<\/h1>\t\t\t\t<\/div>\n\t\t\t\t<\/div>\n\t\t\t\t\t<\/div>\n\t\t<\/div>\n\t\t\t\t\t<\/div>\n\t\t<\/section>\n\t\t\t\t<section class=\"elementor-section elementor-top-section elementor-element elementor-element-471fee9 elementor-section-boxed elementor-section-height-default elementor-section-height-default\" data-id=\"471fee9\" data-element_type=\"section\" data-e-type=\"section\" data-settings=\"{&quot;background_background&quot;:&quot;classic&quot;}\">\n\t\t\t\t\t\t<div class=\"elementor-container elementor-column-gap-default\">\n\t\t\t\t\t<div class=\"elementor-column elementor-col-100 elementor-top-column elementor-element elementor-element-4f8e9c1\" data-id=\"4f8e9c1\" data-element_type=\"column\" data-e-type=\"column\">\n\t\t\t<div class=\"elementor-widget-wrap elementor-element-populated\">\n\t\t\t\t\t\t<div class=\"elementor-element elementor-element-178c183 elementor-widget elementor-widget-text-editor\" data-id=\"178c183\" data-element_type=\"widget\" data-e-type=\"widget\" data-widget_type=\"text-editor.default\">\n\t\t\t\t<div class=\"elementor-widget-container\">\n\t\t\t\t\t\t\t\t\t<p>The pursuit and retention of talent inspires and challenges us.\u00a0<\/p><p>What steps do we take to attain these goals most effectively?\u00a0<\/p><p>Here are some of the highlights of Bofill Mir Abogados\u2019 Training mark.<\/p>\t\t\t\t\t\t\t\t<\/div>\n\t\t\t\t<\/div>\n\t\t\t\t\t<\/div>\n\t\t<\/div>\n\t\t\t\t\t<\/div>\n\t\t<\/section>\n\t\t<div class=\"elementor-element elementor-element-aadcc61 e-flex e-con-boxed e-con e-parent\" data-id=\"aadcc61\" data-element_type=\"container\" data-e-type=\"container\">\n\t\t\t\t\t<div class=\"e-con-inner\">\n\t\t<div class=\"elementor-element elementor-element-624574a e-con-full e-flex e-con e-child\" data-id=\"624574a\" data-element_type=\"container\" data-e-type=\"container\">\n\t\t\t\t<div class=\"elementor-element elementor-element-d8e442a elementor-widget elementor-widget-image\" data-id=\"d8e442a\" data-element_type=\"widget\" data-e-type=\"widget\" data-widget_type=\"image.default\">\n\t\t\t\t<div class=\"elementor-widget-container\">\n\t\t\t\t\t\t\t\t\t\t\t\t\t\t\t<img fetchpriority=\"high\" decoding=\"async\" width=\"624\" height=\"503\" src=\"https:\/\/bofillmir.cl\/wp-content\/uploads\/2023\/09\/avion.png\" class=\"attachment-large size-large wp-image-2448\" alt=\"\" srcset=\"https:\/\/bofillmir.cl\/wp-content\/uploads\/2023\/09\/avion.png 624w, https:\/\/bofillmir.cl\/wp-content\/uploads\/2023\/09\/avion-300x242.png 300w\" sizes=\"(max-width: 624px) 100vw, 624px\" \/>\t\t\t\t\t\t\t\t\t\t\t\t\t\t\t<\/div>\n\t\t\t\t<\/div>\n\t\t\t\t<\/div>\n\t\t<div class=\"elementor-element elementor-element-0b412d6 e-con-full e-flex e-con e-child\" data-id=\"0b412d6\" data-element_type=\"container\" data-e-type=\"container\">\n\t\t\t\t<div class=\"elementor-element elementor-element-780d9c8 elementor-widget elementor-widget-heading\" data-id=\"780d9c8\" data-element_type=\"widget\" data-e-type=\"widget\" data-widget_type=\"heading.default\">\n\t\t\t\t<div class=\"elementor-widget-container\">\n\t\t\t\t\t<h2 class=\"elementor-heading-title elementor-size-default\">International Exchanges<\/h2>\t\t\t\t<\/div>\n\t\t\t\t<\/div>\n\t\t\t\t<div class=\"elementor-element elementor-element-164186e elementor-widget elementor-widget-text-editor\" data-id=\"164186e\" data-element_type=\"widget\" data-e-type=\"widget\" data-widget_type=\"text-editor.default\">\n\t\t\t\t<div class=\"elementor-widget-container\">\n\t\t\t\t\t\t\t\t\t<p>We believe in the talent of our lawyers, and our commitment is to nurture their potential and take them to the next level. <strong>This is why we offer a distinctive international exchange program \u2013 primarily aimed at early-career lawyers, which aims to facilitate both<\/strong> professional and cultural exchange. As our lawyers acquire new skills, we acknowledge their dedication, and together, we open doors for professionals from other countries to live this experience in the offices of Bofill Mir Abogados.<\/p>\t\t\t\t\t\t\t\t<\/div>\n\t\t\t\t<\/div>\n\t\t\t\t<div class=\"elementor-element elementor-element-55d5899 elementor-widget elementor-widget-button\" data-id=\"55d5899\" data-element_type=\"widget\" data-e-type=\"widget\" data-widget_type=\"button.default\">\n\t\t\t\t<div class=\"elementor-widget-container\">\n\t\t\t\t\t\t\t\t\t<div class=\"elementor-button-wrapper\">\n\t\t\t\t\t<a class=\"elementor-button elementor-button-link elementor-size-sm\" href=\"#elementor-action%3Aaction%3Dpopup%3Aopen%26settings%3DeyJpZCI6IjI0NTIiLCJ0b2dnbGUiOmZhbHNlfQ%3D%3D\">\n\t\t\t\t\t\t<span class=\"elementor-button-content-wrapper\">\n\t\t\t\t\t\t\t\t\t<span class=\"elementor-button-text\">See more<\/span>\n\t\t\t\t\t<\/span>\n\t\t\t\t\t<\/a>\n\t\t\t\t<\/div>\n\t\t\t\t\t\t\t\t<\/div>\n\t\t\t\t<\/div>\n\t\t\t\t<\/div>\n\t\t\t\t\t<\/div>\n\t\t\t\t<\/div>\n\t\t<div class=\"elementor-element elementor-element-835a8ed e-flex e-con-boxed e-con e-parent\" data-id=\"835a8ed\" data-element_type=\"container\" data-e-type=\"container\">\n\t\t\t\t\t<div class=\"e-con-inner\">\n\t\t<div class=\"elementor-element elementor-element-25f7b20 e-con-full e-flex e-con e-child\" data-id=\"25f7b20\" data-element_type=\"container\" data-e-type=\"container\">\n\t\t\t\t<div class=\"elementor-element elementor-element-696580d elementor-widget elementor-widget-heading\" data-id=\"696580d\" data-element_type=\"widget\" data-e-type=\"widget\" data-widget_type=\"heading.default\">\n\t\t\t\t<div class=\"elementor-widget-container\">\n\t\t\t\t\t<h2 class=\"elementor-heading-title elementor-size-default\">Student Internships: We want to meet you<\/h2>\t\t\t\t<\/div>\n\t\t\t\t<\/div>\n\t\t\t\t<div class=\"elementor-element elementor-element-d8a7cd2 elementor-widget elementor-widget-text-editor\" data-id=\"d8a7cd2\" data-element_type=\"widget\" data-e-type=\"widget\" data-widget_type=\"text-editor.default\">\n\t\t\t\t<div class=\"elementor-widget-container\">\n\t\t\t\t\t\t\t\t\t<p>Times are evolving, and so are our approaches to work. In 2022, we took the opportunity to reevaluate our internships to provide a truly immersive 360\u00b0 experience. Our program features cross-disciplinary involvement, workshops, training sessions, networking opportunities and much more. We promote diversity in terms of university backgrounds, interests, and experiences, ensuring that your time here goes beyond a mere professional stint.<\/p><p>What is most important to us? Getting to understand the aspirations and concerns of future lawyers \u2013 we look forward to meeting you!<\/p>\t\t\t\t\t\t\t\t<\/div>\n\t\t\t\t<\/div>\n\t\t\t\t<\/div>\n\t\t<div class=\"elementor-element elementor-element-000d1bf e-con-full e-flex e-con e-child\" data-id=\"000d1bf\" data-element_type=\"container\" data-e-type=\"container\">\n\t\t\t\t<div class=\"elementor-element elementor-element-237d2b4 elementor-widget elementor-widget-image\" data-id=\"237d2b4\" data-element_type=\"widget\" data-e-type=\"widget\" data-widget_type=\"image.default\">\n\t\t\t\t<div class=\"elementor-widget-container\">\n\t\t\t\t\t\t\t\t\t\t\t\t\t\t\t<img decoding=\"async\" width=\"646\" height=\"476\" src=\"https:\/\/bofillmir.cl\/wp-content\/uploads\/2023\/09\/Mesa-de-trabajo-5.jpg\" class=\"attachment-large size-large wp-image-2404\" alt=\"Mesa de trabajo\" srcset=\"https:\/\/bofillmir.cl\/wp-content\/uploads\/2023\/09\/Mesa-de-trabajo-5.jpg 646w, https:\/\/bofillmir.cl\/wp-content\/uploads\/2023\/09\/Mesa-de-trabajo-5-300x221.jpg 300w\" sizes=\"(max-width: 646px) 100vw, 646px\" \/>\t\t\t\t\t\t\t\t\t\t\t\t\t\t\t<\/div>\n\t\t\t\t<\/div>\n\t\t\t\t<\/div>\n\t\t\t\t\t<\/div>\n\t\t\t\t<\/div>\n\t\t<div class=\"elementor-element elementor-element-bfff77c e-flex e-con-boxed e-con e-parent\" data-id=\"bfff77c\" data-element_type=\"container\" data-e-type=\"container\">\n\t\t\t\t\t<div class=\"e-con-inner\">\n\t\t<div class=\"elementor-element elementor-element-a625116 e-con-full e-flex e-con e-child\" data-id=\"a625116\" data-element_type=\"container\" data-e-type=\"container\">\n\t\t\t\t<div class=\"elementor-element elementor-element-12d0ce6 elementor-widget elementor-widget-image\" data-id=\"12d0ce6\" data-element_type=\"widget\" data-e-type=\"widget\" data-widget_type=\"image.default\">\n\t\t\t\t<div class=\"elementor-widget-container\">\n\t\t\t\t\t\t\t\t\t\t\t\t\t\t\t<img decoding=\"async\" width=\"474\" height=\"418\" src=\"https:\/\/bofillmir.cl\/wp-content\/uploads\/2023\/09\/Mesa-de-trabajo-6.jpg\" class=\"attachment-large size-large wp-image-2405\" alt=\"Mesa de trabajo\" srcset=\"https:\/\/bofillmir.cl\/wp-content\/uploads\/2023\/09\/Mesa-de-trabajo-6.jpg 474w, https:\/\/bofillmir.cl\/wp-content\/uploads\/2023\/09\/Mesa-de-trabajo-6-300x265.jpg 300w\" sizes=\"(max-width: 474px) 100vw, 474px\" \/>\t\t\t\t\t\t\t\t\t\t\t\t\t\t\t<\/div>\n\t\t\t\t<\/div>\n\t\t\t\t<\/div>\n\t\t<div class=\"elementor-element elementor-element-8e94267 e-con-full e-flex e-con e-child\" data-id=\"8e94267\" data-element_type=\"container\" data-e-type=\"container\">\n\t\t\t\t<div class=\"elementor-element elementor-element-81b1a35 elementor-widget elementor-widget-heading\" data-id=\"81b1a35\" data-element_type=\"widget\" data-e-type=\"widget\" data-widget_type=\"heading.default\">\n\t\t\t\t<div class=\"elementor-widget-container\">\n\t\t\t\t\t<h2 class=\"elementor-heading-title elementor-size-default\">Enjoy every stage of your career<\/h2>\t\t\t\t<\/div>\n\t\t\t\t<\/div>\n\t\t\t\t<div class=\"elementor-element elementor-element-5fe8698 elementor-widget elementor-widget-text-editor\" data-id=\"5fe8698\" data-element_type=\"widget\" data-e-type=\"widget\" data-widget_type=\"text-editor.default\">\n\t\t\t\t<div class=\"elementor-widget-container\">\n\t\t\t\t\t\t\t\t\t<p>We want you to make the most of and truly enjoy every phase of your career. In addition to our commitment to involving you in challenging work from day one and providing opportunities for multidisciplinary training, our most experienced members are dedicated to guiding and sharing their career experience and knowledge with the younger generation.<\/p>\t\t\t\t\t\t\t\t<\/div>\n\t\t\t\t<\/div>\n\t\t\t\t<\/div>\n\t\t\t\t\t<\/div>\n\t\t\t\t<\/div>\n\t\t<div class=\"elementor-element elementor-element-1745774 e-flex e-con-boxed e-con e-parent\" data-id=\"1745774\" data-element_type=\"container\" data-e-type=\"container\">\n\t\t\t\t\t<div class=\"e-con-inner\">\n\t\t<div class=\"elementor-element elementor-element-79dcba2 e-con-full e-flex e-con e-child\" data-id=\"79dcba2\" data-element_type=\"container\" data-e-type=\"container\">\n\t\t\t\t<div class=\"elementor-element elementor-element-9e032d5 elementor-widget elementor-widget-heading\" data-id=\"9e032d5\" data-element_type=\"widget\" data-e-type=\"widget\" data-widget_type=\"heading.default\">\n\t\t\t\t<div class=\"elementor-widget-container\">\n\t\t\t\t\t<h2 class=\"elementor-heading-title elementor-size-default\">Leadership Across All Levels<\/h2>\t\t\t\t<\/div>\n\t\t\t\t<\/div>\n\t\t\t\t<div class=\"elementor-element elementor-element-11f833e elementor-widget elementor-widget-text-editor\" data-id=\"11f833e\" data-element_type=\"widget\" data-e-type=\"widget\" data-widget_type=\"text-editor.default\">\n\t\t\t\t<div class=\"elementor-widget-container\">\n\t\t\t\t\t\t\t\t\t<p>When it comes to leadership, we are permanently dedicated to building an increasingly horizontal model. This approach enables us to foster integration and a sense of belonging within Bofill Mir Abogados. We are making strides in this endeavor by engaging our team right from day one, with robust backing and participation from our partners and leaders of our different practices. Our ultimate aim is to empower our lawyers to cultivate their professional and leadership skills right from the outset of their careers.<\/p>\t\t\t\t\t\t\t\t<\/div>\n\t\t\t\t<\/div>\n\t\t\t\t<\/div>\n\t\t<div class=\"elementor-element elementor-element-204b9e5 e-con-full e-flex e-con e-child\" data-id=\"204b9e5\" data-element_type=\"container\" data-e-type=\"container\">\n\t\t\t\t<div class=\"elementor-element elementor-element-492d14f elementor-widget elementor-widget-image\" data-id=\"492d14f\" data-element_type=\"widget\" data-e-type=\"widget\" data-widget_type=\"image.default\">\n\t\t\t\t<div class=\"elementor-widget-container\">\n\t\t\t\t\t\t\t\t\t\t\t\t\t\t\t<img loading=\"lazy\" decoding=\"async\" width=\"479\" height=\"399\" src=\"https:\/\/bofillmir.cl\/wp-content\/uploads\/2023\/09\/Mesa-de-trabajo-7.jpg\" class=\"attachment-large size-large wp-image-2406\" alt=\"Mesa de trabajo\" srcset=\"https:\/\/bofillmir.cl\/wp-content\/uploads\/2023\/09\/Mesa-de-trabajo-7.jpg 479w, https:\/\/bofillmir.cl\/wp-content\/uploads\/2023\/09\/Mesa-de-trabajo-7-300x250.jpg 300w\" sizes=\"(max-width: 479px) 100vw, 479px\" \/>\t\t\t\t\t\t\t\t\t\t\t\t\t\t\t<\/div>\n\t\t\t\t<\/div>\n\t\t\t\t<\/div>\n\t\t\t\t\t<\/div>\n\t\t\t\t<\/div>\n\t\t<div class=\"elementor-element elementor-element-bcf26f7 e-flex e-con-boxed e-con e-parent\" data-id=\"bcf26f7\" data-element_type=\"container\" data-e-type=\"container\">\n\t\t\t\t\t<div class=\"e-con-inner\">\n\t\t<div class=\"elementor-element elementor-element-6c14be1 e-con-full e-flex e-con e-child\" data-id=\"6c14be1\" data-element_type=\"container\" data-e-type=\"container\">\n\t\t\t\t<div class=\"elementor-element elementor-element-009489a elementor-widget elementor-widget-image\" data-id=\"009489a\" data-element_type=\"widget\" data-e-type=\"widget\" data-widget_type=\"image.default\">\n\t\t\t\t<div class=\"elementor-widget-container\">\n\t\t\t\t\t\t\t\t\t\t\t\t\t\t\t<img loading=\"lazy\" decoding=\"async\" width=\"511\" height=\"445\" src=\"https:\/\/bofillmir.cl\/wp-content\/uploads\/2023\/09\/Mesa-de-trabajo-8.jpg\" class=\"attachment-large size-large wp-image-2407\" alt=\"Mesa de trabajo\" srcset=\"https:\/\/bofillmir.cl\/wp-content\/uploads\/2023\/09\/Mesa-de-trabajo-8.jpg 511w, https:\/\/bofillmir.cl\/wp-content\/uploads\/2023\/09\/Mesa-de-trabajo-8-300x261.jpg 300w\" sizes=\"(max-width: 511px) 100vw, 511px\" \/>\t\t\t\t\t\t\t\t\t\t\t\t\t\t\t<\/div>\n\t\t\t\t<\/div>\n\t\t\t\t<\/div>\n\t\t<div class=\"elementor-element elementor-element-d36aaf7 e-con-full e-flex e-con e-child\" data-id=\"d36aaf7\" data-element_type=\"container\" data-e-type=\"container\">\n\t\t\t\t<div class=\"elementor-element elementor-element-260b41e elementor-widget elementor-widget-heading\" data-id=\"260b41e\" data-element_type=\"widget\" data-e-type=\"widget\" data-widget_type=\"heading.default\">\n\t\t\t\t<div class=\"elementor-widget-container\">\n\t\t\t\t\t<h2 class=\"elementor-heading-title elementor-size-default\">To train and to be trained<\/h2>\t\t\t\t<\/div>\n\t\t\t\t<\/div>\n\t\t\t\t<div class=\"elementor-element elementor-element-6ed1573 elementor-widget elementor-widget-text-editor\" data-id=\"6ed1573\" data-element_type=\"widget\" data-e-type=\"widget\" data-widget_type=\"text-editor.default\">\n\t\t\t\t<div class=\"elementor-widget-container\">\n\t\t\t\t\t\t\t\t\t<p>To train: We are deeply committed to advancing the legal field in all its facets. This is why we highly value the active involvement of one-third of our lawyers in academic pursuits, including roles as internship tutors and mentors in mentorship programs. We provide all opportunities and support for you to study and specialize.<\/p><p>To be trained: We actively encourage and support our lawyers in their pursuit of advanced knowledge through postgraduate programs, both within Chile and abroad. For those who have already completed their studies, we support them in all aspects of their further development. We recognize that the legal environment is constantly evolving, and that is why we invest in the intellectual growth of our team.<\/p>\t\t\t\t\t\t\t\t<\/div>\n\t\t\t\t<\/div>\n\t\t\t\t<\/div>\n\t\t\t\t\t<\/div>\n\t\t\t\t<\/div>\n\t\t\t\t<\/div>","protected":false},"excerpt":{"rendered":"<p>Talento BM: Este es nuestro compromiso con tu carrera La b\u00fasqueda y retenci\u00f3n de talento nos inspira y nos desaf\u00eda.\u00a0 \u00bfQu\u00e9 hacemos para lograr estos objetivos de la mejor manera?\u00a0 Te presentamos algunos de los puntos m\u00e1s destacados del sello de la Formaci\u00f3n Bofill Mir Abogados. Intercambios Internacionales Creemos en el talento de nuestros abogados [&hellip;]<\/p>\n","protected":false},"author":1,"featured_media":0,"parent":0,"menu_order":0,"comment_status":"closed","ping_status":"closed","template":"","meta":{"_acf_changed":false,"footnotes":""},"class_list":["post-2143","page","type-page","status-publish","hentry"],"acf":[],"aioseo_notices":[],"_links":{"self":[{"href":"https:\/\/bofillmir.cl\/eng\/wp-json\/wp\/v2\/pages\/2143","targetHints":{"allow":["GET"]}}],"collection":[{"href":"https:\/\/bofillmir.cl\/eng\/wp-json\/wp\/v2\/pages"}],"about":[{"href":"https:\/\/bofillmir.cl\/eng\/wp-json\/wp\/v2\/types\/page"}],"author":[{"embeddable":true,"href":"https:\/\/bofillmir.cl\/eng\/wp-json\/wp\/v2\/users\/1"}],"replies":[{"embeddable":true,"href":"https:\/\/bofillmir.cl\/eng\/wp-json\/wp\/v2\/comments?post=2143"}],"version-history":[{"count":48,"href":"https:\/\/bofillmir.cl\/eng\/wp-json\/wp\/v2\/pages\/2143\/revisions"}],"predecessor-version":[{"id":3098,"href":"https:\/\/bofillmir.cl\/eng\/wp-json\/wp\/v2\/pages\/2143\/revisions\/3098"}],"wp:attachment":[{"href":"https:\/\/bofillmir.cl\/eng\/wp-json\/wp\/v2\/media?parent=2143"}],"curies":[{"name":"wp","href":"https:\/\/api.w.org\/{rel}","templated":true}]}}