{"id":303,"date":"2023-06-27T16:42:29","date_gmt":"2023-06-27T16:42:29","guid":{"rendered":"https:\/\/bofillmir.cl\/?page_id=303"},"modified":"2023-10-18T16:58:18","modified_gmt":"2023-10-18T16:58:18","slug":"trabaja-con-nosotros","status":"publish","type":"page","link":"https:\/\/bofillmir.cl\/eng\/trabaja-con-nosotros\/","title":{"rendered":"Work with Us"},"content":{"rendered":"<div data-elementor-type=\"wp-page\" data-elementor-id=\"303\" class=\"elementor elementor-303\" data-elementor-post-type=\"page\">\n\t\t\t\t\t\t<section class=\"elementor-section elementor-top-section elementor-element elementor-element-ad85741 elementor-section-boxed elementor-section-height-default elementor-section-height-default\" data-id=\"ad85741\" data-element_type=\"section\" data-e-type=\"section\" data-settings=\"{&quot;background_background&quot;:&quot;classic&quot;}\">\n\t\t\t\t\t\t<div class=\"elementor-container elementor-column-gap-default\">\n\t\t\t\t\t<div class=\"elementor-column elementor-col-100 elementor-top-column elementor-element elementor-element-dd0fa3b\" data-id=\"dd0fa3b\" data-element_type=\"column\" data-e-type=\"column\">\n\t\t\t<div class=\"elementor-widget-wrap elementor-element-populated\">\n\t\t\t\t\t\t\t<\/div>\n\t\t<\/div>\n\t\t\t\t\t<\/div>\n\t\t<\/section>\n\t\t\t\t<section class=\"elementor-section elementor-top-section elementor-element elementor-element-008582f elementor-section-boxed elementor-section-height-default elementor-section-height-default\" data-id=\"008582f\" data-element_type=\"section\" data-e-type=\"section\" data-settings=\"{&quot;background_background&quot;:&quot;classic&quot;}\">\n\t\t\t\t\t\t<div class=\"elementor-container elementor-column-gap-default\">\n\t\t\t\t\t<div class=\"elementor-column elementor-col-100 elementor-top-column elementor-element elementor-element-b5fd573\" data-id=\"b5fd573\" data-element_type=\"column\" data-e-type=\"column\">\n\t\t\t<div class=\"elementor-widget-wrap elementor-element-populated\">\n\t\t\t\t\t\t<div class=\"elementor-element elementor-element-2eb329f elementor-widget elementor-widget-heading\" data-id=\"2eb329f\" data-element_type=\"widget\" data-e-type=\"widget\" data-widget_type=\"heading.default\">\n\t\t\t\t<div class=\"elementor-widget-container\">\n\t\t\t\t\t<h2 class=\"elementor-heading-title elementor-size-default\">Become part of Bofill Mir<\/h2>\t\t\t\t<\/div>\n\t\t\t\t<\/div>\n\t\t\t\t<div class=\"elementor-element elementor-element-8949d67 elementor-widget elementor-widget-text-editor\" data-id=\"8949d67\" data-element_type=\"widget\" data-e-type=\"widget\" data-widget_type=\"text-editor.default\">\n\t\t\t\t<div class=\"elementor-widget-container\">\n\t\t\t\t\t\t\t\t\t<p>At Bofill Mir Abogados, we are committed to providing you with an enriching career development experience.<\/p><p>Our commitment is to enhance your professional profile through multidisciplinary training opportunities, diverse and challenging work, and much more, in an environment of trust and camaraderie<\/p>\t\t\t\t\t\t\t\t<\/div>\n\t\t\t\t<\/div>\n\t\t\t\t\t<\/div>\n\t\t<\/div>\n\t\t\t\t\t<\/div>\n\t\t<\/section>\n\t\t<div class=\"elementor-element elementor-element-a5ecf84 e-flex e-con-boxed e-con e-parent\" data-id=\"a5ecf84\" data-element_type=\"container\" data-e-type=\"container\">\n\t\t\t\t\t<div class=\"e-con-inner\">\n\t\t\t\t<div class=\"elementor-element elementor-element-a95a068 elementor-widget elementor-widget-shortcode\" data-id=\"a95a068\" data-element_type=\"widget\" data-e-type=\"widget\" data-widget_type=\"shortcode.default\">\n\t\t\t\t<div class=\"elementor-widget-container\">\n\t\t\t\t\t\t\t<div class=\"elementor-shortcode\"><div class=\"forminator-ui forminator-custom-form forminator-custom-form-1188 forminator-design--default  forminator_ajax\" data-forminator-render=\"0\" data-form=\"forminator-module-1188\" data-uid=\"69e45a0f2adbd\"><br\/><\/div><form\n\t\t\t\tid=\"forminator-module-1188\"\n\t\t\t\tclass=\"forminator-ui forminator-custom-form forminator-custom-form-1188 forminator-design--default  forminator_ajax\"\n\t\t\t\tmethod=\"post\"\n\t\t\t\tdata-forminator-render=\"0\"\n\t\t\t\tdata-form-id=\"1188\"\n\t\t\t\tenctype=\"multipart\/form-data\" data-color-option=\"default\" data-design=\"default\" data-grid=\"open\" style=\"display: none;\"\n\t\t\t\tdata-uid=\"69e45a0f2adbd\" action=\"\"\n\t\t\t><div role=\"alert\" aria-live=\"polite\" class=\"forminator-response-message forminator-error\" aria-hidden=\"true\"><\/div><div\n\t\t\t\ttabindex=\"-1\"\n\t\t\t\trole=\"tabpanel\"\n\t\t\t\tid=\"forminator-custom-form-1188--page-0\"\n\t\t\t\tclass=\"forminator-pagination forminator-pagination-start\"\n\t\t\t\taria-labelledby=\"forminator-custom-form-1188--page-0-label\"\n\t\t\t\tdata-step=\"0\"\n\t\t\t\tdata-label=\"Finish\"\n\t\t\t\tdata-actual-label=\"Page 1\"\n\t\t\t\tdata-name=\"page-break-1\"\n\t\t\t><div class=\"forminator-pagination--content\"><div class=\"forminator-row\"><div id=\"name-1\" class=\"forminator-field-name forminator-col forminator-col-6\"><div class=\"forminator-field\"><label for=\"forminator-field-name-1_69e45a0f2adbd\" id=\"forminator-field-name-1_69e45a0f2adbd-label\" class=\"forminator-label\">Full name <span class=\"forminator-required\">*<\/span><\/label><input type=\"text\" name=\"name-1\" value=\"\" placeholder=\"\" id=\"forminator-field-name-1_69e45a0f2adbd\" class=\"forminator-input forminator-name--field\" aria-required=\"true\" autocomplete=\"name\" \/><\/div><\/div><div id=\"phone-1\" class=\"forminator-field-phone forminator-col forminator-col-6\"><div class=\"forminator-field\"><label for=\"forminator-field-phone-1_69e45a0f2adbd\" id=\"forminator-field-phone-1_69e45a0f2adbd-label\" class=\"forminator-label\">Telephone <span class=\"forminator-required\">*<\/span><\/label><input type=\"text\" name=\"phone-1\" value=\"\" placeholder=\"\" id=\"forminator-field-phone-1_69e45a0f2adbd\" class=\"forminator-input forminator-field--phone\" data-required=\"1\" aria-required=\"true\" autocomplete=\"off\" \/><\/div><\/div><\/div><div class=\"forminator-row\"><div id=\"email-1\" class=\"forminator-field-email forminator-col forminator-col-6\"><div class=\"forminator-field\"><label for=\"forminator-field-email-1_69e45a0f2adbd\" id=\"forminator-field-email-1_69e45a0f2adbd-label\" class=\"forminator-label\">E-mail <span class=\"forminator-required\">*<\/span><\/label><input type=\"email\" name=\"email-1\" value=\"\" placeholder=\"\" id=\"forminator-field-email-1_69e45a0f2adbd\" class=\"forminator-input forminator-email--field\" data-required=\"1\" aria-required=\"true\" autocomplete=\"email\" \/><\/div><\/div><div id=\"date-1\" class=\"forminator-field-date forminator-col forminator-col-6\"><div class=\"forminator-field\"><label for=\"forminator-field-date-1-picker_69e45a0f2adbd\" id=\"forminator-field-date-1-picker_69e45a0f2adbd-label\" class=\"forminator-label\">Birth date <span class=\"forminator-required\">*<\/span><\/label><input autocomplete=\"off\" type=\"text\" size=\"1\" name=\"date-1\" value=\"\" placeholder=\"\" id=\"forminator-field-date-1-picker_69e45a0f2adbd\" class=\"forminator-input forminator-datepicker\" data-required=\"1\" data-format=\"mm\/dd\/yy\" data-restrict-type=\"\" data-restrict=\"\" data-start-year=\"1926\" data-end-year=\"2126\" data-past-dates=\"enable\" data-start-of-week=\"1\" data-start-date=\"\" data-end-date=\"\" data-start-field=\"\" data-end-field=\"\" data-start-offset=\"\" data-end-offset=\"\" data-disable-date=\"\" data-disable-range=\"\" \/><\/div><\/div><\/div><div class=\"forminator-row\"><div id=\"select-1\" class=\"forminator-field-select forminator-col forminator-col-12\"><div class=\"forminator-field\"><label for=\"forminator-form-1188__field--select-1_69e45a0f2adbd\" id=\"forminator-form-1188__field--select-1_69e45a0f2adbd-label\" class=\"forminator-label\">Position applied for <span class=\"forminator-required\">*<\/span><\/label><select  id=\"forminator-form-1188__field--select-1_69e45a0f2adbd\" class=\"forminator-select--field forminator-select2 forminator-select2-multiple\" data-required=\"1\" name=\"select-1\" data-default-value=\"\" data-hidden-behavior=\"zero\" data-placeholder=\"Seleccionar\" data-search=\"false\" data-search-placeholder=\"Seleccionar\" data-checkbox=\"false\" data-allow-clear=\"false\" aria-labelledby=\"forminator-form-1188__field--select-1_69e45a0f2adbd-label\"><option value=\"\"  >Select<\/option><option value=\"one\"  data-calculation=\"0\">Lawyer<\/option><option value=\"two\"  data-calculation=\"0\">Paralegal<\/option><option value=\"Pasante\"  data-calculation=\"0\">Intern<\/option><option value=\"Otro\"  data-calculation=\"0\">Other<\/option><\/select><\/div><\/div><\/div><\/div><\/div><div\n\t\t\t\ttabindex=\"-1\"\n\t\t\t\trole=\"tabpanel\"\n\t\t\t\tid=\"forminator-custom-form-1188--page-1\"\n\t\t\t\tclass=\"forminator-pagination\"\n\t\t\t\taria-labelledby=\"forminator-custom-form-1188--page-1-label\"\n\t\t\t\taria-hidden=\"true\"\n\t\t\t\tdata-step=\"1\"\n\t\t\t\tdata-label=\"Page  1\"\n\t\t\t\tdata-actual-label=\"Page 2\"\n\t\t\t\tdata-name=\"page-break-2\"\n\t\t\t\thidden\n\t\t\t><div class=\"forminator-pagination--content\"><div class=\"forminator-row\"><div id=\"text-1\" class=\"forminator-field-text forminator-col forminator-col-6\"><div class=\"forminator-field\"><label for=\"forminator-field-text-1_69e45a0f2adbd\" id=\"forminator-field-text-1_69e45a0f2adbd-label\" class=\"forminator-label\">University <span class=\"forminator-required\">*<\/span><\/label><input type=\"text\" name=\"text-1\" value=\"\" placeholder=\"\" id=\"forminator-field-text-1_69e45a0f2adbd\" class=\"forminator-input forminator-name--field\" data-required=\"1\" \/><\/div><\/div><div id=\"select-2\" class=\"forminator-field-select forminator-col forminator-col-6\"><div class=\"forminator-field\"><label for=\"forminator-form-1188__field--select-2_69e45a0f2adbd\" id=\"forminator-form-1188__field--select-2_69e45a0f2adbd-label\" class=\"forminator-label\">Current academic situation <span class=\"forminator-required\">*<\/span><\/label><select  id=\"forminator-form-1188__field--select-2_69e45a0f2adbd\" class=\"forminator-select--field forminator-select2 forminator-select2-multiple\" data-required=\"1\" name=\"select-2\" data-default-value=\"\" data-hidden-behavior=\"zero\" data-placeholder=\"Seleccionar\" data-search=\"false\" data-search-placeholder=\"Seleccionar\" data-checkbox=\"false\" data-allow-clear=\"false\" aria-labelledby=\"forminator-form-1188__field--select-2_69e45a0f2adbd-label\"><option value=\"\"  >Select<\/option><option value=\"one\"  data-calculation=\"0\">Student<\/option><option value=\"two\"  data-calculation=\"0\">Graduate<\/option><option value=\"Licenciada-o\"  data-calculation=\"0\">Admitted<\/option><option value=\"Titulada-o\"  data-calculation=\"0\">Other<\/option><\/select><\/div><\/div><\/div><div class=\"forminator-row\"><div id=\"text-2\" class=\"forminator-field-text forminator-col forminator-col-12\"><div class=\"forminator-field\"><label for=\"forminator-field-text-2_69e45a0f2adbd\" id=\"forminator-field-text-2_69e45a0f2adbd-label\" class=\"forminator-label\">If you're a student, what semester are you currently enrolled in?<\/label><input type=\"text\" name=\"text-2\" value=\"\" placeholder=\"\" id=\"forminator-field-text-2_69e45a0f2adbd\" class=\"forminator-input forminator-name--field\" data-required=\"\" \/><\/div><\/div><\/div><\/div><\/div><div\n\t\t\t\ttabindex=\"-1\"\n\t\t\t\trole=\"tabpanel\"\n\t\t\t\tid=\"forminator-custom-form-1188--page-2\"\n\t\t\t\tclass=\"forminator-pagination\"\n\t\t\t\taria-labelledby=\"forminator-custom-form-1188--page-2-label\"\n\t\t\t\taria-hidden=\"true\"\n\t\t\t\tdata-step=\"2\"\n\t\t\t\tdata-label=\"Page  2\"\n\t\t\t\tdata-actual-label=\"Page 3\"\n\t\t\t\tdata-name=\"\"\n\t\t\t\thidden\n\t\t\t><div class=\"forminator-pagination--content\"><div class=\"forminator-row\"><div id=\"upload-1\" class=\"forminator-field-upload forminator-col forminator-col-4\"><div class=\"forminator-field\"><label for=\"forminator-field-upload-1_69e45a0f2adbd\" id=\"forminator-field-upload-1_69e45a0f2adbd-label\" class=\"forminator-label\">Curriculum Vitae (without photo, without address) (pdf, doc, docx). <span class=\"forminator-required\">*<\/span><\/label><div class=\"forminator-file-upload\" data-element=\"upload-1_69e45a0f2adbd\"><input type=\"file\" name=\"upload-1\" id=\"forminator-field-upload-1_69e45a0f2adbd\" class=\"forminator-input-file-required do-validate\" accept=\".webp,.doc,.docx,.pdf\" tabindex=\"-1\"><button id=\"forminator-field-upload-1_69e45a0f2adbd_button\" class=\"forminator-button forminator-button-upload\" data-id=\"forminator-field-upload-1_69e45a0f2adbd\">Choose File<\/button><span data-empty-text=\"No file chosen\">No file chosen<\/span><button class=\"forminator-button-delete\" style=\"display: none;\"><i class=\"forminator-icon-close\" aria-hidden=\"true\"><\/i><span class=\"forminator-screen-reader-only\">Delete uploaded file<\/span><\/button><\/div><\/div><\/div><div id=\"upload-2\" class=\"forminator-field-upload forminator-col forminator-col-4\"><div class=\"forminator-field\"><label for=\"forminator-field-upload-2_69e45a0f2adbd\" id=\"forminator-field-upload-2_69e45a0f2adbd-label\" class=\"forminator-label\">Grade summary (pdf, doc, docx). <span class=\"forminator-required\">*<\/span><\/label><div class=\"forminator-file-upload\" data-element=\"upload-2_69e45a0f2adbd\"><input type=\"file\" name=\"upload-2\" id=\"forminator-field-upload-2_69e45a0f2adbd\" class=\"forminator-input-file-required do-validate\" accept=\".webp,.pdf,.docx,.doc\" tabindex=\"-1\"><button id=\"forminator-field-upload-2_69e45a0f2adbd_button\" class=\"forminator-button forminator-button-upload\" data-id=\"forminator-field-upload-2_69e45a0f2adbd\">Choose File<\/button><span data-empty-text=\"No file chosen\">No file chosen<\/span><button class=\"forminator-button-delete\" style=\"display: none;\"><i class=\"forminator-icon-close\" aria-hidden=\"true\"><\/i><span class=\"forminator-screen-reader-only\">Delete uploaded file<\/span><\/button><\/div><\/div><\/div><div id=\"upload-3\" class=\"forminator-field-upload forminator-col forminator-col-4\"><div class=\"forminator-field\"><label for=\"forminator-field-upload-3_69e45a0f2adbd\" id=\"forminator-field-upload-3_69e45a0f2adbd-label\" class=\"forminator-label\">Ranking (pdf, doc, docx).<\/label><div class=\"forminator-file-upload\" data-element=\"upload-3_69e45a0f2adbd\"><input type=\"file\" name=\"upload-3\" id=\"forminator-field-upload-3_69e45a0f2adbd\" class=\"forminator-input-file\" accept=\".webp,.doc,.docx,.pdf\" tabindex=\"-1\"><button id=\"forminator-field-upload-3_69e45a0f2adbd_button\" class=\"forminator-button forminator-button-upload\" data-id=\"forminator-field-upload-3_69e45a0f2adbd\">Choose File<\/button><span data-empty-text=\"No file chosen\">No file chosen<\/span><button class=\"forminator-button-delete\" style=\"display: none;\"><i class=\"forminator-icon-close\" aria-hidden=\"true\"><\/i><span class=\"forminator-screen-reader-only\">Delete uploaded file<\/span><\/button><\/div><\/div><\/div><\/div><div class=\"forminator-row\"><div id=\"checkbox-1\" class=\"forminator-field-checkbox forminator-col forminator-col-12\"><div role=\"group\" class=\"forminator-field required\" aria-labelledby=\"forminator-checkbox-group-forminator-field-checkbox-1-69e45a0f2adbd-label\"><label id=\"forminator-field-checkbox-1-1-69e45a0f2adbd-label\" for=\"forminator-field-checkbox-1-1-69e45a0f2adbd\" class=\"forminator-checkbox\" title=\"I expressly authorize Bofill Mir Abogados to store my personal data and other information provided through this means for purposes related to job offers, invitations, and other matters related to contacting or applying to the firm. I also declare that all information is truthful.\"><input type=\"checkbox\" name=\"checkbox-1[]\" value=\"one\" id=\"forminator-field-checkbox-1-1-69e45a0f2adbd\" aria-labelledby=\"forminator-field-checkbox-1-1-69e45a0f2adbd-label\" data-calculation=\"0\"   data-hidden-behavior=\"zero\"\/><span class=\"forminator-checkbox-box\" aria-hidden=\"true\"><\/span><span class=\"forminator-checkbox-label\">I expressly authorize Bofill Mir Abogados to store my personal data and other information provided through this means for purposes related to job offers, invitations, and other matters related to contacting or applying to the firm. I also declare that all information is truthful.<\/span><\/label><label id=\"forminator-field-checkbox-1-2-69e45a0f2adbd-label\" for=\"forminator-field-checkbox-1-2-69e45a0f2adbd\" class=\"forminator-checkbox\" title=\"I authorize Bofill Mir Abogados to contact me and keep me in their contact database for purposes other than the one I am currently applying for.\"><input type=\"checkbox\" name=\"checkbox-1[]\" value=\"two\" id=\"forminator-field-checkbox-1-2-69e45a0f2adbd\" aria-labelledby=\"forminator-field-checkbox-1-2-69e45a0f2adbd-label\" data-calculation=\"0\"   data-hidden-behavior=\"zero\"\/><span class=\"forminator-checkbox-box\" aria-hidden=\"true\"><\/span><span class=\"forminator-checkbox-label\">I authorize Bofill Mir Abogados to contact me and keep me in their contact database for purposes other than the one I am currently applying for.<\/span><\/label><\/div><\/div><\/div><div class=\"forminator-row\"><div id=\"captcha-1\" class=\"forminator-field-captcha forminator-col forminator-col-12\"><div class=\"forminator-captcha-left forminator-g-recaptcha\" data-theme=\"light\"  data-sitekey=\"6LcSj0MpAAAAAPsrxyC7p6I4zUMJN1CIquU7qVGr\" data-size=\"normal\"><\/div> <\/div><\/div><\/div><button class=\"forminator-button forminator-pagination-submit\" style=\"display: none;\" disabled>Enviar postulaci&oacute;n<\/button><\/div><input type=\"hidden\" name=\"referer_url\" value=\"\" \/><input type=\"hidden\" id=\"forminator_nonce\" name=\"forminator_nonce\" value=\"9869baae19\" \/><input type=\"hidden\" name=\"_wp_http_referer\" value=\"\/eng\/wp-json\/wp\/v2\/pages\/303\" \/><input type=\"hidden\" name=\"form_id\" value=\"1188\"><input type=\"hidden\" name=\"page_id\" value=\"303\"><input type=\"hidden\" name=\"form_type\" value=\"default\"><input type=\"hidden\" name=\"current_url\" value=\"https:\/\/bofillmir.cl\/eng\/trabaja-con-nosotros\/\"><input type=\"hidden\" name=\"render_id\" value=\"0\"><input type=\"hidden\" name=\"action\" value=\"forminator_submit_form_custom-forms\"><input type=\"hidden\" name=\"trp-form-language\" value=\"eng\"\/><\/form><\/div>\n\t\t\t\t\t\t<\/div>\n\t\t\t\t<\/div>\n\t\t\t\t\t<\/div>\n\t\t\t\t<\/div>\n\t\t\t\t<\/div>","protected":false},"excerpt":{"rendered":"<p>S\u00e9 parte de Bofill Mir En Bofill Mir Abogados nos comprometemos con entregarte una experiencia enriquecedora para tu desarrollo de carrera. Nuestro compromiso es potenciar tu perfil profesional a trav\u00e9s de oportunidades de formaci\u00f3n multidisciplinaria y crecimiento, trabajo variado y desafiante, y mucho m\u00e1s, en un ambiente de confianza y compa\u00f1erismo.<\/p>","protected":false},"author":1,"featured_media":0,"parent":0,"menu_order":0,"comment_status":"closed","ping_status":"closed","template":"","meta":{"_acf_changed":false,"footnotes":""},"class_list":["post-303","page","type-page","status-publish","hentry"],"acf":[],"aioseo_notices":[],"_links":{"self":[{"href":"https:\/\/bofillmir.cl\/eng\/wp-json\/wp\/v2\/pages\/303","targetHints":{"allow":["GET"]}}],"collection":[{"href":"https:\/\/bofillmir.cl\/eng\/wp-json\/wp\/v2\/pages"}],"about":[{"href":"https:\/\/bofillmir.cl\/eng\/wp-json\/wp\/v2\/types\/page"}],"author":[{"embeddable":true,"href":"https:\/\/bofillmir.cl\/eng\/wp-json\/wp\/v2\/users\/1"}],"replies":[{"embeddable":true,"href":"https:\/\/bofillmir.cl\/eng\/wp-json\/wp\/v2\/comments?post=303"}],"version-history":[{"count":30,"href":"https:\/\/bofillmir.cl\/eng\/wp-json\/wp\/v2\/pages\/303\/revisions"}],"predecessor-version":[{"id":3091,"href":"https:\/\/bofillmir.cl\/eng\/wp-json\/wp\/v2\/pages\/303\/revisions\/3091"}],"wp:attachment":[{"href":"https:\/\/bofillmir.cl\/eng\/wp-json\/wp\/v2\/media?parent=303"}],"curies":[{"name":"wp","href":"https:\/\/api.w.org\/{rel}","templated":true}]}}