{"id":5440,"date":"2024-01-08T14:48:08","date_gmt":"2024-01-08T14:48:08","guid":{"rendered":"https:\/\/bofillmir.cl\/?page_id=5440"},"modified":"2024-01-08T14:51:33","modified_gmt":"2024-01-08T14:51:33","slug":"pasantias-de-verano","status":"publish","type":"page","link":"https:\/\/bofillmir.cl\/eng\/pasantias-de-verano\/","title":{"rendered":"Summer internships"},"content":{"rendered":"<p>We are very pleased to welcome our four summer interns. We appreciate that you have chosen to do your internship with us, and we have coordinated all the details to ensure that you will have an unforgettable experience. We are looking forward to seeing you!\u00a0\u00a0\u00a0\u00a0\u00a0\u00a0\u00a0\u00a0\u00a0\u00a0\u00a0\u00a0\u00a0\u00a0\u00a0\u00a0\u00a0\u00a0\u00a0\u00a0\u00a0\u00a0\u00a0\u00a0\u00a0\u00a0\u00a0\u00a0\u00a0\u00a0\u00a0\u00a0\u00a0\u00a0\u00a0\u00a0\u00a0\u00a0\u00a0\u00a0\u00a0\u00a0\u00a0\u00a0\u00a0\u00a0\u00a0\u00a0\u00a0\u00a0\u00a0\u00a0\u00a0\u00a0\u00a0\u00a0\u00a0\u00a0\u00a0\u00a0\u00a0\u00a0\u00a0\u00a0\u00a0\u00a0\u00a0\u00a0\u00a0\u00a0\u00a0\u00a0<br>Manuel Cuchacovich, 4th year, Pontificia Universidad Cat\u00f3lica de Chile.<br>Alessia Rosso, 5th year, Universidad Adolfo Ib\u00e1\u00f1ez.\u00a0\u00a0<br>Mart\u00edn Ramos, graduate, Universidad de Chile.<br>Josefina Bravo, 5th year, Universidad de Concepci\u00f3n.<\/p>\n\n\n\n<figure class=\"wp-block-image size-large\"><img fetchpriority=\"high\" decoding=\"async\" width=\"1024\" height=\"1024\" src=\"https:\/\/bofillmir.cl\/wp-content\/uploads\/2024\/01\/Post-8-1024x1024.jpg\" alt=\"\" class=\"wp-image-5441\" srcset=\"https:\/\/bofillmir.cl\/wp-content\/uploads\/2024\/01\/Post-8-1024x1024.jpg 1024w, https:\/\/bofillmir.cl\/wp-content\/uploads\/2024\/01\/Post-8-300x300.jpg 300w, https:\/\/bofillmir.cl\/wp-content\/uploads\/2024\/01\/Post-8-150x150.jpg 150w, https:\/\/bofillmir.cl\/wp-content\/uploads\/2024\/01\/Post-8-768x768.jpg 768w, https:\/\/bofillmir.cl\/wp-content\/uploads\/2024\/01\/Post-8-12x12.jpg 12w, https:\/\/bofillmir.cl\/wp-content\/uploads\/2024\/01\/Post-8.jpg 1080w\" sizes=\"(max-width: 1024px) 100vw, 1024px\" \/><\/figure>","protected":false},"excerpt":{"rendered":"<p>Nos complace enormemente recibir a nuestros cuatro pasantes de verano. Valoramos mucho que nos hayan elegido para realizar su pasant\u00eda con nosotros, y hemos coordinado todos los detalles para garantizar que vivan una experiencia inolvidable. \u00a1Los est\u00e1bamos esperando!\u00a0\u00a0\u00a0\u00a0\u00a0\u00a0\u00a0\u00a0\u00a0\u00a0\u00a0\u00a0\u00a0\u00a0\u00a0\u00a0\u00a0\u00a0\u00a0\u00a0\u00a0\u00a0\u00a0\u00a0\u00a0\u00a0\u00a0\u00a0\u00a0\u00a0\u00a0\u00a0\u00a0\u00a0\u00a0\u00a0\u00a0\u00a0\u00a0\u00a0\u00a0\u00a0\u00a0\u00a0\u00a0\u00a0\u00a0\u00a0\u00a0\u00a0\u00a0\u00a0\u00a0\u00a0\u00a0\u00a0\u00a0\u00a0\u00a0\u00a0\u00a0\u00a0\u00a0\u00a0\u00a0\u00a0\u00a0\u00a0\u00a0\u00a0\u00a0\u00a0Manuel Cuchacovich, 4to a\u00f1o, Pontificia Universidad Cat\u00f3lica de Chile.Alessia Rosso, 5to a\u00f1o, Universidad Adolfo Ib\u00e1\u00f1ez.\u00a0\u00a0Mart\u00edn Ramos, egresado, Universidad [&hellip;]<\/p>\n","protected":false},"author":2,"featured_media":5442,"parent":0,"menu_order":0,"comment_status":"closed","ping_status":"closed","template":"","meta":{"_acf_changed":false,"footnotes":""},"class_list":["post-5440","page","type-page","status-publish","has-post-thumbnail","hentry"],"acf":[],"aioseo_notices":[],"_links":{"self":[{"href":"https:\/\/bofillmir.cl\/eng\/wp-json\/wp\/v2\/pages\/5440","targetHints":{"allow":["GET"]}}],"collection":[{"href":"https:\/\/bofillmir.cl\/eng\/wp-json\/wp\/v2\/pages"}],"about":[{"href":"https:\/\/bofillmir.cl\/eng\/wp-json\/wp\/v2\/types\/page"}],"author":[{"embeddable":true,"href":"https:\/\/bofillmir.cl\/eng\/wp-json\/wp\/v2\/users\/2"}],"replies":[{"embeddable":true,"href":"https:\/\/bofillmir.cl\/eng\/wp-json\/wp\/v2\/comments?post=5440"}],"version-history":[{"count":1,"href":"https:\/\/bofillmir.cl\/eng\/wp-json\/wp\/v2\/pages\/5440\/revisions"}],"predecessor-version":[{"id":5443,"href":"https:\/\/bofillmir.cl\/eng\/wp-json\/wp\/v2\/pages\/5440\/revisions\/5443"}],"wp:featuredmedia":[{"embeddable":true,"href":"https:\/\/bofillmir.cl\/eng\/wp-json\/wp\/v2\/media\/5442"}],"wp:attachment":[{"href":"https:\/\/bofillmir.cl\/eng\/wp-json\/wp\/v2\/media?parent=5440"}],"curies":[{"name":"wp","href":"https:\/\/api.w.org\/{rel}","templated":true}]}}